{"id":104,"date":"2023-03-16T15:44:11","date_gmt":"2023-03-16T18:44:11","guid":{"rendered":"https:\/\/nildadecoracoes.com.br\/?page_id=104"},"modified":"2023-06-14T18:55:08","modified_gmt":"2023-06-14T21:55:08","slug":"politica-de-privacidade","status":"publish","type":"page","link":"https:\/\/nildadecoracoes.com.br\/site\/politica-de-privacidade\/","title":{"rendered":"Pol\u00edtica de privacidade"},"content":{"rendered":"\t\t<div data-elementor-type=\"wp-page\" data-elementor-id=\"104\" class=\"elementor elementor-104\" data-elementor-settings=\"{&quot;ha_cmc_init_switcher&quot;:&quot;no&quot;}\">\n\t\t\t\t<section class=\"elementor-section elementor-top-section elementor-element elementor-element-6c70d542 elementor-section-boxed elementor-section-height-default elementor-section-height-default\" data-id=\"6c70d542\" data-element_type=\"section\" data-e-type=\"section\" data-settings=\"{&quot;_ha_eqh_enable&quot;:false}\">\n\t\t\t\t\t\t<div class=\"elementor-container elementor-column-gap-default\">\n\t\t\t\t\t<div class=\"elementor-column elementor-col-100 elementor-top-column elementor-element elementor-element-10c9c8b9\" data-id=\"10c9c8b9\" data-element_type=\"column\" data-e-type=\"column\">\n\t\t\t<div class=\"elementor-widget-wrap elementor-element-populated\">\n\t\t\t\t\t\t<div class=\"elementor-element elementor-element-748392d2 elementor-widget elementor-widget-text-editor\" data-id=\"748392d2\" data-element_type=\"widget\" data-e-type=\"widget\" data-widget_type=\"text-editor.default\">\n\t\t\t\t<div class=\"elementor-widget-container\">\n\t\t\t\t\t\t\t\t\t<p><\/p>\n<h5>Quem n\u00f3s somos:\u00a0<\/h5>\n<p>O endere\u00e7o do nosso site \u00e9: https:\/\/nildadecoracoes.com.br<\/p>\n<h5 dir=\"ltr\" data-placeholder=\"Tradu\u00e7\u00e3o\">\u00a0<\/h5>\n<h5 id=\"tw-target-text\" class=\"tw-data-text tw-text-large tw-ta\" dir=\"ltr\" data-placeholder=\"Tradu\u00e7\u00e3o\"><span class=\"Y2IQFc\" lang=\"pt\">Coleta e uso de informa\u00e7\u00f5es\u00a0<\/span><\/h5>\n<p><span class=\"Y2IQFc\" lang=\"pt\">Ao usar nosso Servi\u00e7o, podemos solicitar que voc\u00ea nos forne\u00e7a certas informa\u00e7\u00f5es de identifica\u00e7\u00e3o pessoal que podem ser usadas para contat\u00e1-lo ou identific\u00e1-lo. Informa\u00e7\u00f5es de identifica\u00e7\u00e3o pessoal (&#8220;Informa\u00e7\u00f5es Pessoais&#8221;) podem incluir, mas n\u00e3o est\u00e3o limitadas a:<\/span><\/p>\n<h5 id=\"tw-target-text\" class=\"tw-data-text tw-text-large tw-ta\" dir=\"ltr\" data-placeholder=\"Tradu\u00e7\u00e3o\"><span class=\"Y2IQFc\" lang=\"pt\">Dados de registro\u00a0<\/span><\/h5>\n<p id=\"tw-target-text\" class=\"tw-data-text tw-text-large tw-ta\" dir=\"ltr\" data-placeholder=\"Tradu\u00e7\u00e3o\"><span class=\"Y2IQFc\" lang=\"pt\">Coletamos informa\u00e7\u00f5es que seu navegador envia sempre que voc\u00ea visita nosso Servi\u00e7o (&#8220;Log Data&#8221;). Esses dados de registro podem incluir informa\u00e7\u00f5es como o endere\u00e7o de protocolo de Internet (&#8220;IP&#8221;) do seu computador, tipo de navegador, vers\u00e3o do navegador, as p\u00e1ginas do nosso servi\u00e7o que voc\u00ea visita, a hora e a data da sua visita, o tempo gasto nessas p\u00e1ginas e outros Estatisticas.\u00a0<\/span><\/p>\n<h5 id=\"tw-target-text\" class=\"tw-data-text tw-text-large tw-ta\" dir=\"ltr\" data-placeholder=\"Tradu\u00e7\u00e3o\">Cookies<\/h5>\n<p id=\"tw-target-text\" class=\"tw-data-text tw-text-large tw-ta\" dir=\"ltr\" data-placeholder=\"Tradu\u00e7\u00e3o\"><span class=\"Y2IQFc\" lang=\"pt\">Cookies s\u00e3o arquivos com pequena quantidade de dados, que podem incluir um identificador \u00fanico an\u00f4nimo. Os cookies s\u00e3o enviados para o seu navegador a partir de um site da Web e armazenados no disco r\u00edgido do seu computador. Usamos &#8220;cookies&#8221; para coletar informa\u00e7\u00f5es. Voc\u00ea pode instruir seu navegador a recusar todos os cookies ou indicar quando um cookie est\u00e1 sendo enviado. No entanto, se voc\u00ea n\u00e3o aceitar cookies, talvez n\u00e3o consiga usar algumas partes do nosso Servi\u00e7o.\u00a0<\/span><\/p>\n<h5 id=\"tw-target-text\" class=\"tw-data-text tw-text-large tw-ta\" dir=\"ltr\" data-placeholder=\"Tradu\u00e7\u00e3o\"><span class=\"Y2IQFc\" lang=\"pt\">Provedores de servi\u00e7o<\/span><\/h5>\n<p id=\"tw-target-text\" class=\"tw-data-text tw-text-large tw-ta\" dir=\"ltr\" data-placeholder=\"Tradu\u00e7\u00e3o\"><span class=\"Y2IQFc\" lang=\"pt\">\u00a0Podemos contratar empresas e indiv\u00edduos terceirizados para facilitar nosso Servi\u00e7o, para fornecer o Servi\u00e7o em nosso nome, para executar servi\u00e7os relacionados ao Servi\u00e7o ou para nos ajudar a analisar como nosso Servi\u00e7o \u00e9 usado. Esses terceiros t\u00eam acesso \u00e0s suas informa\u00e7\u00f5es pessoais apenas para realizar essas tarefas em nosso nome e s\u00e3o obrigados a n\u00e3o divulg\u00e1-las ou us\u00e1-las para qualquer outra finalidade.<\/span><\/p>\n<h5 id=\"tw-target-text\" class=\"tw-data-text tw-text-large tw-ta\" dir=\"ltr\" data-placeholder=\"Tradu\u00e7\u00e3o\"><span class=\"Y2IQFc\" lang=\"pt\">Seguran\u00e7a\u00a0<\/span><\/h5>\n<p id=\"tw-target-text\" class=\"tw-data-text tw-text-large tw-ta\" dir=\"ltr\" data-placeholder=\"Tradu\u00e7\u00e3o\"><span class=\"Y2IQFc\" lang=\"pt\">A seguran\u00e7a de suas informa\u00e7\u00f5es pessoais \u00e9 importante para n\u00f3s, mas lembre-se de que nenhum m\u00e9todo de transmiss\u00e3o pela Internet ou m\u00e9todo de armazenamento eletr\u00f4nico \u00e9 100% seguro. Embora nos esforcemos para usar meios comercialmente aceit\u00e1veis para proteger suas informa\u00e7\u00f5es pessoais, n\u00e3o podemos garantir sua seguran\u00e7a absoluta. <\/span><\/p>\n<h5 class=\"tw-data-text tw-text-large tw-ta\" dir=\"ltr\" data-placeholder=\"Tradu\u00e7\u00e3o\"><span class=\"Y2IQFc\" lang=\"pt\">Links para outros sites <\/span><\/h5>\n<p class=\"tw-data-text tw-text-large tw-ta\" dir=\"ltr\" data-placeholder=\"Tradu\u00e7\u00e3o\"><span class=\"Y2IQFc\" lang=\"pt\">Nosso Servi\u00e7o pode conter links para outros sites que n\u00e3o s\u00e3o operados por n\u00f3s. Se voc\u00ea clicar em um link de terceiros, ser\u00e1 direcionado para o site desse terceiro. Aconselhamos vivamente que reveja a Pol\u00edtica de Privacidade de cada site que visitar. N\u00e3o temos controle e n\u00e3o assumimos nenhuma responsabilidade pelo conte\u00fado, pol\u00edticas de privacidade ou pr\u00e1ticas de quaisquer sites ou servi\u00e7os de terceiros. <\/span><\/p>\n<h5 class=\"tw-data-text tw-text-large tw-ta\" dir=\"ltr\" data-placeholder=\"Tradu\u00e7\u00e3o\"><span class=\"Y2IQFc\" lang=\"pt\">Privacidade das crian\u00e7as <\/span><\/h5>\n<p class=\"tw-data-text tw-text-large tw-ta\" dir=\"ltr\" data-placeholder=\"Tradu\u00e7\u00e3o\"><span class=\"Y2IQFc\" lang=\"pt\">Nosso Servi\u00e7o n\u00e3o se dirige a menores de 18 anos (&#8220;Crian\u00e7as&#8221;). N\u00e3o coletamos intencionalmente informa\u00e7\u00f5es de identifica\u00e7\u00e3o pessoal de crian\u00e7as menores de 18 anos. Se voc\u00ea \u00e9 pai ou respons\u00e1vel e sabe que seu filho nos forneceu informa\u00e7\u00f5es pessoais, entre em contato conosco. Se descobrirmos que uma crian\u00e7a menor de 18 anos nos forneceu Informa\u00e7\u00f5es Pessoais, excluiremos essas informa\u00e7\u00f5es de nossos servidores imediatamente. <\/span><\/p>\n<h5 class=\"tw-data-text tw-text-large tw-ta\" dir=\"ltr\" data-placeholder=\"Tradu\u00e7\u00e3o\"><span class=\"Y2IQFc\" lang=\"pt\">Conformidade com as Leis<\/span><\/h5>\n<p class=\"tw-data-text tw-text-large tw-ta\" dir=\"ltr\" data-placeholder=\"Tradu\u00e7\u00e3o\"><span class=\"Y2IQFc\" lang=\"pt\"> Divulgaremos suas informa\u00e7\u00f5es pessoais quando exigido por lei ou intima\u00e7\u00e3o. <\/span><\/p>\n<h5 class=\"tw-data-text tw-text-large tw-ta\" dir=\"ltr\" data-placeholder=\"Tradu\u00e7\u00e3o\"><span class=\"Y2IQFc\" lang=\"pt\">Altera\u00e7\u00f5es a esta pol\u00edtica de privacidade <\/span><\/h5>\n<p class=\"tw-data-text tw-text-large tw-ta\" dir=\"ltr\" data-placeholder=\"Tradu\u00e7\u00e3o\"><span class=\"Y2IQFc\" lang=\"pt\">Podemos atualizar nossa Pol\u00edtica de Privacidade de tempos em tempos. Iremos notific\u00e1-lo sobre quaisquer altera\u00e7\u00f5es publicando a nova Pol\u00edtica de Privacidade nesta p\u00e1gina. Voc\u00ea \u00e9 aconselhado a revisar esta Pol\u00edtica de Privacidade periodicamente para quaisquer altera\u00e7\u00f5es. As altera\u00e7\u00f5es a esta Pol\u00edtica de Privacidade entram em vigor quando s\u00e3o publicadas nesta p\u00e1gina. <\/span><\/p>\n<h5 class=\"tw-data-text tw-text-large tw-ta\" dir=\"ltr\" data-placeholder=\"Tradu\u00e7\u00e3o\"><span class=\"Y2IQFc\" lang=\"pt\">Contate-nos <\/span><\/h5>\n<p class=\"tw-data-text tw-text-large tw-ta\" dir=\"ltr\" data-placeholder=\"Tradu\u00e7\u00e3o\"><span class=\"Y2IQFc\" lang=\"pt\">Se voc\u00ea tiver alguma d\u00favida sobre esta Pol\u00edtica de Privacidade, entre em contato conosco.<\/span><\/p>\n<p><\/p>\t\t\t\t\t\t\t\t<\/div>\n\t\t\t\t<\/div>\n\t\t\t\t\t<\/div>\n\t\t<\/div>\n\t\t\t\t\t<\/div>\n\t\t<\/section>\t\t<\/div>\n\t\t","protected":false},"excerpt":{"rendered":"<p>Quem n\u00f3s somos:\u00a0 O endere\u00e7o do nosso site \u00e9: https:\/\/nildadecoracoes.com.br \u00a0 Coleta e uso de informa\u00e7\u00f5es\u00a0 Ao usar nosso Servi\u00e7o, podemos solicitar que voc\u00ea nos forne\u00e7a certas informa\u00e7\u00f5es de identifica\u00e7\u00e3o pessoal que podem ser usadas para contat\u00e1-lo ou identific\u00e1-lo. Informa\u00e7\u00f5es de identifica\u00e7\u00e3o pessoal (&#8220;Informa\u00e7\u00f5es Pessoais&#8221;) podem incluir, mas n\u00e3o est\u00e3o limitadas a: Dados de registro\u00a0&hellip;&nbsp;<a href=\"https:\/\/nildadecoracoes.com.br\/site\/politica-de-privacidade\/\" rel=\"bookmark\"><span class=\"screen-reader-text\">Pol\u00edtica de privacidade<\/span><\/a><\/p>\n","protected":false},"author":1,"featured_media":0,"parent":0,"menu_order":0,"comment_status":"closed","ping_status":"closed","template":"","meta":{"neve_meta_sidebar":"","neve_meta_container":"","neve_meta_enable_content_width":"","neve_meta_content_width":0,"neve_meta_title_alignment":"","neve_meta_author_avatar":"","neve_post_elements_order":"","neve_meta_disable_header":"","neve_meta_disable_footer":"","neve_meta_disable_title":"","footnotes":""},"class_list":["post-104","page","type-page","status-publish","hentry"],"yoast_head":"<!-- This site is optimized with the Yoast SEO plugin v26.9 - https:\/\/yoast.com\/product\/yoast-seo-wordpress\/ -->\n<title>Pol\u00edtica de privacidade - Nilda Decora\u00e7\u00f5es<\/title>\n<meta name=\"robots\" content=\"index, follow, max-snippet:-1, max-image-preview:large, max-video-preview:-1\" \/>\n<link rel=\"canonical\" href=\"https:\/\/nildadecoracoes.com.br\/site\/politica-de-privacidade\/\" \/>\n<meta property=\"og:locale\" content=\"pt_BR\" \/>\n<meta property=\"og:type\" content=\"article\" \/>\n<meta property=\"og:title\" content=\"Pol\u00edtica de privacidade - Nilda Decora\u00e7\u00f5es\" \/>\n<meta property=\"og:description\" content=\"Quem n\u00f3s somos:\u00a0 O endere\u00e7o do nosso site \u00e9: https:\/\/nildadecoracoes.com.br \u00a0 Coleta e uso de informa\u00e7\u00f5es\u00a0 Ao usar nosso Servi\u00e7o, podemos solicitar que voc\u00ea nos forne\u00e7a certas informa\u00e7\u00f5es de identifica\u00e7\u00e3o pessoal que podem ser usadas para contat\u00e1-lo ou identific\u00e1-lo. Informa\u00e7\u00f5es de identifica\u00e7\u00e3o pessoal (&#8220;Informa\u00e7\u00f5es Pessoais&#8221;) podem incluir, mas n\u00e3o est\u00e3o limitadas a: Dados de registro\u00a0&hellip;&nbsp;Pol\u00edtica de privacidade\" \/>\n<meta property=\"og:url\" content=\"https:\/\/nildadecoracoes.com.br\/site\/politica-de-privacidade\/\" \/>\n<meta property=\"og:site_name\" content=\"Nilda Decora\u00e7\u00f5es\" \/>\n<meta property=\"article:publisher\" content=\"https:\/\/www.facebook.com\/nilda.dasilva.9638\" \/>\n<meta property=\"article:modified_time\" content=\"2023-06-14T21:55:08+00:00\" \/>\n<meta name=\"twitter:card\" content=\"summary_large_image\" \/>\n<meta name=\"twitter:label1\" content=\"Est. tempo de leitura\" \/>\n\t<meta name=\"twitter:data1\" content=\"3 minutos\" \/>\n<script type=\"application\/ld+json\" class=\"yoast-schema-graph\">{\"@context\":\"https:\/\/schema.org\",\"@graph\":[{\"@type\":\"WebPage\",\"@id\":\"https:\/\/nildadecoracoes.com.br\/site\/politica-de-privacidade\/\",\"url\":\"https:\/\/nildadecoracoes.com.br\/site\/politica-de-privacidade\/\",\"name\":\"Pol\u00edtica de privacidade - Nilda Decora\u00e7\u00f5es\",\"isPartOf\":{\"@id\":\"https:\/\/nildadecoracoes.com.br\/site\/#website\"},\"datePublished\":\"2023-03-16T18:44:11+00:00\",\"dateModified\":\"2023-06-14T21:55:08+00:00\",\"breadcrumb\":{\"@id\":\"https:\/\/nildadecoracoes.com.br\/site\/politica-de-privacidade\/#breadcrumb\"},\"inLanguage\":\"pt-BR\",\"potentialAction\":[{\"@type\":\"ReadAction\",\"target\":[\"https:\/\/nildadecoracoes.com.br\/site\/politica-de-privacidade\/\"]}]},{\"@type\":\"BreadcrumbList\",\"@id\":\"https:\/\/nildadecoracoes.com.br\/site\/politica-de-privacidade\/#breadcrumb\",\"itemListElement\":[{\"@type\":\"ListItem\",\"position\":1,\"name\":\"In\u00edcio\",\"item\":\"https:\/\/nildadecoracoes.com.br\/site\/\"},{\"@type\":\"ListItem\",\"position\":2,\"name\":\"Pol\u00edtica de privacidade\"}]},{\"@type\":\"WebSite\",\"@id\":\"https:\/\/nildadecoracoes.com.br\/site\/#website\",\"url\":\"https:\/\/nildadecoracoes.com.br\/site\/\",\"name\":\"Nilda Decora\u00e7\u00f5es Mil\",\"description\":\"Realizando sonhos!\",\"publisher\":{\"@id\":\"https:\/\/nildadecoracoes.com.br\/site\/#organization\"},\"potentialAction\":[{\"@type\":\"SearchAction\",\"target\":{\"@type\":\"EntryPoint\",\"urlTemplate\":\"https:\/\/nildadecoracoes.com.br\/site\/?s={search_term_string}\"},\"query-input\":{\"@type\":\"PropertyValueSpecification\",\"valueRequired\":true,\"valueName\":\"search_term_string\"}}],\"inLanguage\":\"pt-BR\"},{\"@type\":\"Organization\",\"@id\":\"https:\/\/nildadecoracoes.com.br\/site\/#organization\",\"name\":\"Nilda Decora\u00e7\u00f5es Mil\",\"url\":\"https:\/\/nildadecoracoes.com.br\/site\/\",\"logo\":{\"@type\":\"ImageObject\",\"inLanguage\":\"pt-BR\",\"@id\":\"https:\/\/nildadecoracoes.com.br\/site\/#\/schema\/logo\/image\/\",\"url\":\"https:\/\/mlic0gcva83q.i.optimole.com\/w:300\/h:161\/q:mauto\/f:avif\/https:\/\/nildadecoracoes.com.br\/wp-content\/uploads\/2024\/04\/cropped-Logo-reso-melhorada.jpg\",\"contentUrl\":\"https:\/\/mlic0gcva83q.i.optimole.com\/w:300\/h:161\/q:mauto\/f:avif\/https:\/\/nildadecoracoes.com.br\/wp-content\/uploads\/2024\/04\/cropped-Logo-reso-melhorada.jpg\",\"width\":300,\"height\":161,\"caption\":\"Nilda Decora\u00e7\u00f5es Mil\"},\"image\":{\"@id\":\"https:\/\/nildadecoracoes.com.br\/site\/#\/schema\/logo\/image\/\"},\"sameAs\":[\"https:\/\/www.facebook.com\/nilda.dasilva.9638\",\"https:\/\/www.instagram.com\/nildadecoracoesmil\/\"]}]}<\/script>\n<!-- \/ Yoast SEO plugin. -->","yoast_head_json":{"title":"Pol\u00edtica de privacidade - Nilda Decora\u00e7\u00f5es","robots":{"index":"index","follow":"follow","max-snippet":"max-snippet:-1","max-image-preview":"max-image-preview:large","max-video-preview":"max-video-preview:-1"},"canonical":"https:\/\/nildadecoracoes.com.br\/site\/politica-de-privacidade\/","og_locale":"pt_BR","og_type":"article","og_title":"Pol\u00edtica de privacidade - Nilda Decora\u00e7\u00f5es","og_description":"Quem n\u00f3s somos:\u00a0 O endere\u00e7o do nosso site \u00e9: https:\/\/nildadecoracoes.com.br \u00a0 Coleta e uso de informa\u00e7\u00f5es\u00a0 Ao usar nosso Servi\u00e7o, podemos solicitar que voc\u00ea nos forne\u00e7a certas informa\u00e7\u00f5es de identifica\u00e7\u00e3o pessoal que podem ser usadas para contat\u00e1-lo ou identific\u00e1-lo. Informa\u00e7\u00f5es de identifica\u00e7\u00e3o pessoal (&#8220;Informa\u00e7\u00f5es Pessoais&#8221;) podem incluir, mas n\u00e3o est\u00e3o limitadas a: Dados de registro\u00a0&hellip;&nbsp;Pol\u00edtica de privacidade","og_url":"https:\/\/nildadecoracoes.com.br\/site\/politica-de-privacidade\/","og_site_name":"Nilda Decora\u00e7\u00f5es","article_publisher":"https:\/\/www.facebook.com\/nilda.dasilva.9638","article_modified_time":"2023-06-14T21:55:08+00:00","twitter_card":"summary_large_image","twitter_misc":{"Est. tempo de leitura":"3 minutos"},"schema":{"@context":"https:\/\/schema.org","@graph":[{"@type":"WebPage","@id":"https:\/\/nildadecoracoes.com.br\/site\/politica-de-privacidade\/","url":"https:\/\/nildadecoracoes.com.br\/site\/politica-de-privacidade\/","name":"Pol\u00edtica de privacidade - Nilda Decora\u00e7\u00f5es","isPartOf":{"@id":"https:\/\/nildadecoracoes.com.br\/site\/#website"},"datePublished":"2023-03-16T18:44:11+00:00","dateModified":"2023-06-14T21:55:08+00:00","breadcrumb":{"@id":"https:\/\/nildadecoracoes.com.br\/site\/politica-de-privacidade\/#breadcrumb"},"inLanguage":"pt-BR","potentialAction":[{"@type":"ReadAction","target":["https:\/\/nildadecoracoes.com.br\/site\/politica-de-privacidade\/"]}]},{"@type":"BreadcrumbList","@id":"https:\/\/nildadecoracoes.com.br\/site\/politica-de-privacidade\/#breadcrumb","itemListElement":[{"@type":"ListItem","position":1,"name":"In\u00edcio","item":"https:\/\/nildadecoracoes.com.br\/site\/"},{"@type":"ListItem","position":2,"name":"Pol\u00edtica de privacidade"}]},{"@type":"WebSite","@id":"https:\/\/nildadecoracoes.com.br\/site\/#website","url":"https:\/\/nildadecoracoes.com.br\/site\/","name":"Nilda Decora\u00e7\u00f5es Mil","description":"Realizando sonhos!","publisher":{"@id":"https:\/\/nildadecoracoes.com.br\/site\/#organization"},"potentialAction":[{"@type":"SearchAction","target":{"@type":"EntryPoint","urlTemplate":"https:\/\/nildadecoracoes.com.br\/site\/?s={search_term_string}"},"query-input":{"@type":"PropertyValueSpecification","valueRequired":true,"valueName":"search_term_string"}}],"inLanguage":"pt-BR"},{"@type":"Organization","@id":"https:\/\/nildadecoracoes.com.br\/site\/#organization","name":"Nilda Decora\u00e7\u00f5es Mil","url":"https:\/\/nildadecoracoes.com.br\/site\/","logo":{"@type":"ImageObject","inLanguage":"pt-BR","@id":"https:\/\/nildadecoracoes.com.br\/site\/#\/schema\/logo\/image\/","url":"https:\/\/mlic0gcva83q.i.optimole.com\/w:300\/h:161\/q:mauto\/f:avif\/https:\/\/nildadecoracoes.com.br\/wp-content\/uploads\/2024\/04\/cropped-Logo-reso-melhorada.jpg","contentUrl":"https:\/\/mlic0gcva83q.i.optimole.com\/w:300\/h:161\/q:mauto\/f:avif\/https:\/\/nildadecoracoes.com.br\/wp-content\/uploads\/2024\/04\/cropped-Logo-reso-melhorada.jpg","width":300,"height":161,"caption":"Nilda Decora\u00e7\u00f5es Mil"},"image":{"@id":"https:\/\/nildadecoracoes.com.br\/site\/#\/schema\/logo\/image\/"},"sameAs":["https:\/\/www.facebook.com\/nilda.dasilva.9638","https:\/\/www.instagram.com\/nildadecoracoesmil\/"]}]}},"_links":{"self":[{"href":"https:\/\/nildadecoracoes.com.br\/site\/wp-json\/wp\/v2\/pages\/104","targetHints":{"allow":["GET"]}}],"collection":[{"href":"https:\/\/nildadecoracoes.com.br\/site\/wp-json\/wp\/v2\/pages"}],"about":[{"href":"https:\/\/nildadecoracoes.com.br\/site\/wp-json\/wp\/v2\/types\/page"}],"author":[{"embeddable":true,"href":"https:\/\/nildadecoracoes.com.br\/site\/wp-json\/wp\/v2\/users\/1"}],"replies":[{"embeddable":true,"href":"https:\/\/nildadecoracoes.com.br\/site\/wp-json\/wp\/v2\/comments?post=104"}],"version-history":[{"count":7,"href":"https:\/\/nildadecoracoes.com.br\/site\/wp-json\/wp\/v2\/pages\/104\/revisions"}],"predecessor-version":[{"id":679,"href":"https:\/\/nildadecoracoes.com.br\/site\/wp-json\/wp\/v2\/pages\/104\/revisions\/679"}],"wp:attachment":[{"href":"https:\/\/nildadecoracoes.com.br\/site\/wp-json\/wp\/v2\/media?parent=104"}],"curies":[{"name":"wp","href":"https:\/\/api.w.org\/{rel}","templated":true}]}}