{"id":1647,"date":"2023-08-17T14:51:32","date_gmt":"2023-08-17T17:51:32","guid":{"rendered":"https:\/\/nildadecoracoes.com.br\/?page_id=1647"},"modified":"2023-09-22T18:34:41","modified_gmt":"2023-09-22T21:34:41","slug":"descontos","status":"publish","type":"page","link":"https:\/\/nildadecoracoes.com.br\/site\/descontos\/","title":{"rendered":"DESCONTOS"},"content":{"rendered":"\t\t<div data-elementor-type=\"wp-page\" data-elementor-id=\"1647\" class=\"elementor elementor-1647\" data-elementor-settings=\"{&quot;ha_cmc_init_switcher&quot;:&quot;no&quot;}\">\n\t\t\t\t<div class=\"elementor-element elementor-element-bc573c1 e-flex e-con-boxed e-con e-parent\" data-id=\"bc573c1\" data-element_type=\"container\" data-e-type=\"container\" data-settings=\"{&quot;_ha_eqh_enable&quot;:false}\">\n\t\t\t\t\t<div class=\"e-con-inner\">\n\t\t\t\t<div class=\"elementor-element elementor-element-3de9610 elementor-widget elementor-widget-text-editor\" data-id=\"3de9610\" data-element_type=\"widget\" data-e-type=\"widget\" data-widget_type=\"text-editor.default\">\n\t\t\t\t<div class=\"elementor-widget-container\">\n\t\t\t\t\t\t\t\t\t<h5><strong>PROGRAMA DE DESCONTOS<\/strong><\/h5>\n<p>Com o compromisso de atender \u00e0s necessidades dos nossos clientes,&nbsp; criamos programas promocionais exclusivos. Aproveite agora as vantagens econ\u00f4micas&nbsp; e explore ao m\u00e1ximo todos os benef\u00edcios dos nossos servi\u00e7os.<\/p>\n<p>IMPORTANTE: Nossos programas s\u00e3o acumulativos, porem o desconto total m\u00e1ximo \u00e9 de at\u00e9 30%. Aproveite esta oportunidade para economizar enquanto desfruta da excel\u00eancia dos nossos produtos e servi\u00e7os.<\/p>\n<p>**VALIDO SOMENTE PARA AS DECORA\u00c7\u00d5ES PRESENTES EM NOSSO SITE, PARA PROJETOS OU OUTRAS DECORA\u00c7\u00d5ES ENTRAR EM CONTATO<\/p>\t\t\t\t\t\t\t\t<\/div>\n\t\t\t\t<\/div>\n\t\t\t\t\t<\/div>\n\t\t\t\t<\/div>\n\t\t<div class=\"elementor-element elementor-element-b1cba6e e-flex e-con-boxed e-con e-parent\" data-id=\"b1cba6e\" data-element_type=\"container\" data-e-type=\"container\" data-settings=\"{&quot;_ha_eqh_enable&quot;:false}\">\n\t\t\t\t\t<div class=\"e-con-inner\">\n\t\t<div class=\"elementor-element elementor-element-685a74d e-con-full e-flex e-con e-child\" data-id=\"685a74d\" data-element_type=\"container\" data-e-type=\"container\" data-settings=\"{&quot;_ha_eqh_enable&quot;:false}\">\n\t\t\t\t<div class=\"elementor-element elementor-element-f405ab4 elementor-widget elementor-widget-text-editor\" data-id=\"f405ab4\" data-element_type=\"widget\" data-e-type=\"widget\" data-widget_type=\"text-editor.default\">\n\t\t\t\t<div class=\"elementor-widget-container\">\n\t\t\t\t\t\t\t\t\t<p><strong>PROGRAMA AMIGOS UNIDOS<\/strong><\/p>\n<p>Fechando festas em conjunto voc\u00eas podem ganhar descontos<\/p>\n<p>Indica\u00e7\u00e3o de 1 Amigo: Ambos recebem 15% de desconto em suas decora\u00e7\u00f5es.<\/p>\n<p>Indica\u00e7\u00e3o de 2 Amigos: Todos recebem 15% de desconto por\u00e9m quem indicou recebe 30%<\/p>\n<p>O desconto s\u00f3 \u00e9 validado se fecharem o contrato juntos.<\/p>\t\t\t\t\t\t\t\t<\/div>\n\t\t\t\t<\/div>\n\t\t\t\t<\/div>\n\t\t<div class=\"elementor-element elementor-element-f576a05 e-con-full e-flex e-con e-child\" data-id=\"f576a05\" data-element_type=\"container\" data-e-type=\"container\" data-settings=\"{&quot;_ha_eqh_enable&quot;:false}\">\n\t\t\t\t<div class=\"elementor-element elementor-element-90ad5dd elementor-widget elementor-widget-image\" data-id=\"90ad5dd\" data-element_type=\"widget\" data-e-type=\"widget\" data-widget_type=\"image.default\">\n\t\t\t\t<div class=\"elementor-widget-container\">\n\t\t\t\t\t\t\t\t\t\t\t\t\t\t\t<img fetchpriority=\"high\" decoding=\"async\" width=\"499\" height=\"376\" src=\"https:\/\/nildadecoracoes.com.br\/site\/wp-content\/uploads\/2023\/08\/Abraco.png\" class=\"attachment-large size-large wp-image-1649\" alt=\"\" srcset=\"https:\/\/nildadecoracoes.com.br\/site\/wp-content\/uploads\/2023\/08\/Abraco.png 499w, https:\/\/nildadecoracoes.com.br\/site\/wp-content\/uploads\/2023\/08\/Abraco-300x226.png 300w\" sizes=\"(max-width: 499px) 100vw, 499px\" \/>\t\t\t\t\t\t\t\t\t\t\t\t\t\t\t<\/div>\n\t\t\t\t<\/div>\n\t\t\t\t<\/div>\n\t\t\t\t\t<\/div>\n\t\t\t\t<\/div>\n\t\t<div class=\"elementor-element elementor-element-379247d e-flex e-con-boxed e-con e-parent\" data-id=\"379247d\" data-element_type=\"container\" data-e-type=\"container\" data-settings=\"{&quot;_ha_eqh_enable&quot;:false}\">\n\t\t\t\t\t<div class=\"e-con-inner\">\n\t\t<div class=\"elementor-element elementor-element-4021e1a e-con-full e-flex e-con e-child\" data-id=\"4021e1a\" data-element_type=\"container\" data-e-type=\"container\" data-settings=\"{&quot;_ha_eqh_enable&quot;:false}\">\n\t\t\t\t<div class=\"elementor-element elementor-element-cdd1b8b elementor-widget elementor-widget-text-editor\" data-id=\"cdd1b8b\" data-element_type=\"widget\" data-e-type=\"widget\" data-widget_type=\"text-editor.default\">\n\t\t\t\t<div class=\"elementor-widget-container\">\n\t\t\t\t\t\t\t\t\t<p><strong>PROGRAMA FIDELIDADE<\/strong><\/p><p>Apresentamos um desconto de 15% para aqueles que j\u00e1 celebraram conosco antes e confiaram em nossos servi\u00e7os excepcionais. Este desconto pode ser somado ao nosso programa anterior, permitindo acumular at\u00e9 30% de desconto. Sua fidelidade \u00e9 valorizada, e estamos aqui para tornar suas celebra\u00e7\u00f5es ainda mais especiais.<\/p>\t\t\t\t\t\t\t\t<\/div>\n\t\t\t\t<\/div>\n\t\t\t\t<\/div>\n\t\t<div class=\"elementor-element elementor-element-25d272a e-con-full e-flex e-con e-child\" data-id=\"25d272a\" data-element_type=\"container\" data-e-type=\"container\" data-settings=\"{&quot;_ha_eqh_enable&quot;:false}\">\n\t\t\t\t<div class=\"elementor-element elementor-element-313ac72 elementor-widget elementor-widget-image\" data-id=\"313ac72\" data-element_type=\"widget\" data-e-type=\"widget\" data-widget_type=\"image.default\">\n\t\t\t\t<div class=\"elementor-widget-container\">\n\t\t\t\t\t\t\t\t\t\t\t\t\t\t\t<img decoding=\"async\" width=\"654\" height=\"475\" src=\"https:\/\/nildadecoracoes.com.br\/site\/wp-content\/uploads\/2023\/08\/fidelidade.png\" class=\"attachment-large size-large wp-image-1656\" alt=\"\" srcset=\"https:\/\/nildadecoracoes.com.br\/site\/wp-content\/uploads\/2023\/08\/fidelidade.png 654w, https:\/\/nildadecoracoes.com.br\/site\/wp-content\/uploads\/2023\/08\/fidelidade-300x218.png 300w\" sizes=\"(max-width: 654px) 100vw, 654px\" \/>\t\t\t\t\t\t\t\t\t\t\t\t\t\t\t<\/div>\n\t\t\t\t<\/div>\n\t\t\t\t<\/div>\n\t\t\t\t\t<\/div>\n\t\t\t\t<\/div>\n\t\t\t\t<\/div>\n\t\t","protected":false},"excerpt":{"rendered":"<p>PROGRAMA DE DESCONTOS Com o compromisso de atender \u00e0s necessidades dos nossos clientes,&nbsp; criamos programas promocionais exclusivos. Aproveite agora as vantagens econ\u00f4micas&nbsp; e explore ao m\u00e1ximo todos os benef\u00edcios dos nossos servi\u00e7os. IMPORTANTE: Nossos programas s\u00e3o acumulativos, porem o desconto total m\u00e1ximo \u00e9 de at\u00e9 30%. Aproveite esta oportunidade para economizar enquanto desfruta da excel\u00eancia&hellip;&nbsp;<a href=\"https:\/\/nildadecoracoes.com.br\/site\/descontos\/\" rel=\"bookmark\"><span class=\"screen-reader-text\">DESCONTOS<\/span><\/a><\/p>\n","protected":false},"author":1,"featured_media":0,"parent":0,"menu_order":0,"comment_status":"closed","ping_status":"closed","template":"page-templates\/template-pagebuilder-full-width.php","meta":{"neve_meta_sidebar":"","neve_meta_container":"","neve_meta_enable_content_width":"","neve_meta_content_width":0,"neve_meta_title_alignment":"","neve_meta_author_avatar":"","neve_post_elements_order":"","neve_meta_disable_header":"","neve_meta_disable_footer":"","neve_meta_disable_title":"","footnotes":""},"class_list":["post-1647","page","type-page","status-publish","hentry"],"yoast_head":"<!-- This site is optimized with the Yoast SEO plugin v26.9 - https:\/\/yoast.com\/product\/yoast-seo-wordpress\/ -->\n<title>DESCONTOS - Nilda Decora\u00e7\u00f5es<\/title>\n<meta name=\"robots\" content=\"index, follow, max-snippet:-1, max-image-preview:large, max-video-preview:-1\" \/>\n<link rel=\"canonical\" href=\"https:\/\/nildadecoracoes.com.br\/site\/descontos\/\" \/>\n<meta property=\"og:locale\" content=\"pt_BR\" \/>\n<meta property=\"og:type\" content=\"article\" \/>\n<meta property=\"og:title\" content=\"DESCONTOS - Nilda Decora\u00e7\u00f5es\" \/>\n<meta property=\"og:description\" content=\"PROGRAMA DE DESCONTOS Com o compromisso de atender \u00e0s necessidades dos nossos clientes,&nbsp; criamos programas promocionais exclusivos. Aproveite agora as vantagens econ\u00f4micas&nbsp; e explore ao m\u00e1ximo todos os benef\u00edcios dos nossos servi\u00e7os. IMPORTANTE: Nossos programas s\u00e3o acumulativos, porem o desconto total m\u00e1ximo \u00e9 de at\u00e9 30%. Aproveite esta oportunidade para economizar enquanto desfruta da excel\u00eancia&hellip;&nbsp;DESCONTOS\" \/>\n<meta property=\"og:url\" content=\"https:\/\/nildadecoracoes.com.br\/site\/descontos\/\" \/>\n<meta property=\"og:site_name\" content=\"Nilda Decora\u00e7\u00f5es\" \/>\n<meta property=\"article:publisher\" content=\"https:\/\/www.facebook.com\/nilda.dasilva.9638\" \/>\n<meta property=\"article:modified_time\" content=\"2023-09-22T21:34:41+00:00\" \/>\n<meta property=\"og:image\" content=\"https:\/\/nildadecoracoes.com.br\/wp-content\/uploads\/2023\/08\/Abraco.png\" \/>\n<meta name=\"twitter:card\" content=\"summary_large_image\" \/>\n<meta name=\"twitter:label1\" content=\"Est. tempo de leitura\" \/>\n\t<meta name=\"twitter:data1\" content=\"1 minuto\" \/>\n<script type=\"application\/ld+json\" class=\"yoast-schema-graph\">{\"@context\":\"https:\/\/schema.org\",\"@graph\":[{\"@type\":\"WebPage\",\"@id\":\"https:\/\/nildadecoracoes.com.br\/site\/descontos\/\",\"url\":\"https:\/\/nildadecoracoes.com.br\/site\/descontos\/\",\"name\":\"DESCONTOS - Nilda Decora\u00e7\u00f5es\",\"isPartOf\":{\"@id\":\"https:\/\/nildadecoracoes.com.br\/site\/#website\"},\"primaryImageOfPage\":{\"@id\":\"https:\/\/nildadecoracoes.com.br\/site\/descontos\/#primaryimage\"},\"image\":{\"@id\":\"https:\/\/nildadecoracoes.com.br\/site\/descontos\/#primaryimage\"},\"thumbnailUrl\":\"https:\/\/nildadecoracoes.com.br\/wp-content\/uploads\/2023\/08\/Abraco.png\",\"datePublished\":\"2023-08-17T17:51:32+00:00\",\"dateModified\":\"2023-09-22T21:34:41+00:00\",\"breadcrumb\":{\"@id\":\"https:\/\/nildadecoracoes.com.br\/site\/descontos\/#breadcrumb\"},\"inLanguage\":\"pt-BR\",\"potentialAction\":[{\"@type\":\"ReadAction\",\"target\":[\"https:\/\/nildadecoracoes.com.br\/site\/descontos\/\"]}]},{\"@type\":\"ImageObject\",\"inLanguage\":\"pt-BR\",\"@id\":\"https:\/\/nildadecoracoes.com.br\/site\/descontos\/#primaryimage\",\"url\":\"https:\/\/nildadecoracoes.com.br\/wp-content\/uploads\/2023\/08\/Abraco.png\",\"contentUrl\":\"https:\/\/nildadecoracoes.com.br\/wp-content\/uploads\/2023\/08\/Abraco.png\"},{\"@type\":\"BreadcrumbList\",\"@id\":\"https:\/\/nildadecoracoes.com.br\/site\/descontos\/#breadcrumb\",\"itemListElement\":[{\"@type\":\"ListItem\",\"position\":1,\"name\":\"In\u00edcio\",\"item\":\"https:\/\/nildadecoracoes.com.br\/site\/\"},{\"@type\":\"ListItem\",\"position\":2,\"name\":\"DESCONTOS\"}]},{\"@type\":\"WebSite\",\"@id\":\"https:\/\/nildadecoracoes.com.br\/site\/#website\",\"url\":\"https:\/\/nildadecoracoes.com.br\/site\/\",\"name\":\"Nilda Decora\u00e7\u00f5es Mil\",\"description\":\"Realizando sonhos!\",\"publisher\":{\"@id\":\"https:\/\/nildadecoracoes.com.br\/site\/#organization\"},\"potentialAction\":[{\"@type\":\"SearchAction\",\"target\":{\"@type\":\"EntryPoint\",\"urlTemplate\":\"https:\/\/nildadecoracoes.com.br\/site\/?s={search_term_string}\"},\"query-input\":{\"@type\":\"PropertyValueSpecification\",\"valueRequired\":true,\"valueName\":\"search_term_string\"}}],\"inLanguage\":\"pt-BR\"},{\"@type\":\"Organization\",\"@id\":\"https:\/\/nildadecoracoes.com.br\/site\/#organization\",\"name\":\"Nilda Decora\u00e7\u00f5es Mil\",\"url\":\"https:\/\/nildadecoracoes.com.br\/site\/\",\"logo\":{\"@type\":\"ImageObject\",\"inLanguage\":\"pt-BR\",\"@id\":\"https:\/\/nildadecoracoes.com.br\/site\/#\/schema\/logo\/image\/\",\"url\":\"https:\/\/mlic0gcva83q.i.optimole.com\/w:300\/h:161\/q:mauto\/f:avif\/https:\/\/nildadecoracoes.com.br\/wp-content\/uploads\/2024\/04\/cropped-Logo-reso-melhorada.jpg\",\"contentUrl\":\"https:\/\/mlic0gcva83q.i.optimole.com\/w:300\/h:161\/q:mauto\/f:avif\/https:\/\/nildadecoracoes.com.br\/wp-content\/uploads\/2024\/04\/cropped-Logo-reso-melhorada.jpg\",\"width\":300,\"height\":161,\"caption\":\"Nilda Decora\u00e7\u00f5es Mil\"},\"image\":{\"@id\":\"https:\/\/nildadecoracoes.com.br\/site\/#\/schema\/logo\/image\/\"},\"sameAs\":[\"https:\/\/www.facebook.com\/nilda.dasilva.9638\",\"https:\/\/www.instagram.com\/nildadecoracoesmil\/\"]}]}<\/script>\n<!-- \/ Yoast SEO plugin. -->","yoast_head_json":{"title":"DESCONTOS - Nilda Decora\u00e7\u00f5es","robots":{"index":"index","follow":"follow","max-snippet":"max-snippet:-1","max-image-preview":"max-image-preview:large","max-video-preview":"max-video-preview:-1"},"canonical":"https:\/\/nildadecoracoes.com.br\/site\/descontos\/","og_locale":"pt_BR","og_type":"article","og_title":"DESCONTOS - Nilda Decora\u00e7\u00f5es","og_description":"PROGRAMA DE DESCONTOS Com o compromisso de atender \u00e0s necessidades dos nossos clientes,&nbsp; criamos programas promocionais exclusivos. Aproveite agora as vantagens econ\u00f4micas&nbsp; e explore ao m\u00e1ximo todos os benef\u00edcios dos nossos servi\u00e7os. IMPORTANTE: Nossos programas s\u00e3o acumulativos, porem o desconto total m\u00e1ximo \u00e9 de at\u00e9 30%. Aproveite esta oportunidade para economizar enquanto desfruta da excel\u00eancia&hellip;&nbsp;DESCONTOS","og_url":"https:\/\/nildadecoracoes.com.br\/site\/descontos\/","og_site_name":"Nilda Decora\u00e7\u00f5es","article_publisher":"https:\/\/www.facebook.com\/nilda.dasilva.9638","article_modified_time":"2023-09-22T21:34:41+00:00","og_image":[{"url":"https:\/\/nildadecoracoes.com.br\/wp-content\/uploads\/2023\/08\/Abraco.png","type":"","width":"","height":""}],"twitter_card":"summary_large_image","twitter_misc":{"Est. tempo de leitura":"1 minuto"},"schema":{"@context":"https:\/\/schema.org","@graph":[{"@type":"WebPage","@id":"https:\/\/nildadecoracoes.com.br\/site\/descontos\/","url":"https:\/\/nildadecoracoes.com.br\/site\/descontos\/","name":"DESCONTOS - Nilda Decora\u00e7\u00f5es","isPartOf":{"@id":"https:\/\/nildadecoracoes.com.br\/site\/#website"},"primaryImageOfPage":{"@id":"https:\/\/nildadecoracoes.com.br\/site\/descontos\/#primaryimage"},"image":{"@id":"https:\/\/nildadecoracoes.com.br\/site\/descontos\/#primaryimage"},"thumbnailUrl":"https:\/\/nildadecoracoes.com.br\/wp-content\/uploads\/2023\/08\/Abraco.png","datePublished":"2023-08-17T17:51:32+00:00","dateModified":"2023-09-22T21:34:41+00:00","breadcrumb":{"@id":"https:\/\/nildadecoracoes.com.br\/site\/descontos\/#breadcrumb"},"inLanguage":"pt-BR","potentialAction":[{"@type":"ReadAction","target":["https:\/\/nildadecoracoes.com.br\/site\/descontos\/"]}]},{"@type":"ImageObject","inLanguage":"pt-BR","@id":"https:\/\/nildadecoracoes.com.br\/site\/descontos\/#primaryimage","url":"https:\/\/nildadecoracoes.com.br\/wp-content\/uploads\/2023\/08\/Abraco.png","contentUrl":"https:\/\/nildadecoracoes.com.br\/wp-content\/uploads\/2023\/08\/Abraco.png"},{"@type":"BreadcrumbList","@id":"https:\/\/nildadecoracoes.com.br\/site\/descontos\/#breadcrumb","itemListElement":[{"@type":"ListItem","position":1,"name":"In\u00edcio","item":"https:\/\/nildadecoracoes.com.br\/site\/"},{"@type":"ListItem","position":2,"name":"DESCONTOS"}]},{"@type":"WebSite","@id":"https:\/\/nildadecoracoes.com.br\/site\/#website","url":"https:\/\/nildadecoracoes.com.br\/site\/","name":"Nilda Decora\u00e7\u00f5es Mil","description":"Realizando sonhos!","publisher":{"@id":"https:\/\/nildadecoracoes.com.br\/site\/#organization"},"potentialAction":[{"@type":"SearchAction","target":{"@type":"EntryPoint","urlTemplate":"https:\/\/nildadecoracoes.com.br\/site\/?s={search_term_string}"},"query-input":{"@type":"PropertyValueSpecification","valueRequired":true,"valueName":"search_term_string"}}],"inLanguage":"pt-BR"},{"@type":"Organization","@id":"https:\/\/nildadecoracoes.com.br\/site\/#organization","name":"Nilda Decora\u00e7\u00f5es Mil","url":"https:\/\/nildadecoracoes.com.br\/site\/","logo":{"@type":"ImageObject","inLanguage":"pt-BR","@id":"https:\/\/nildadecoracoes.com.br\/site\/#\/schema\/logo\/image\/","url":"https:\/\/mlic0gcva83q.i.optimole.com\/w:300\/h:161\/q:mauto\/f:avif\/https:\/\/nildadecoracoes.com.br\/wp-content\/uploads\/2024\/04\/cropped-Logo-reso-melhorada.jpg","contentUrl":"https:\/\/mlic0gcva83q.i.optimole.com\/w:300\/h:161\/q:mauto\/f:avif\/https:\/\/nildadecoracoes.com.br\/wp-content\/uploads\/2024\/04\/cropped-Logo-reso-melhorada.jpg","width":300,"height":161,"caption":"Nilda Decora\u00e7\u00f5es Mil"},"image":{"@id":"https:\/\/nildadecoracoes.com.br\/site\/#\/schema\/logo\/image\/"},"sameAs":["https:\/\/www.facebook.com\/nilda.dasilva.9638","https:\/\/www.instagram.com\/nildadecoracoesmil\/"]}]}},"_links":{"self":[{"href":"https:\/\/nildadecoracoes.com.br\/site\/wp-json\/wp\/v2\/pages\/1647","targetHints":{"allow":["GET"]}}],"collection":[{"href":"https:\/\/nildadecoracoes.com.br\/site\/wp-json\/wp\/v2\/pages"}],"about":[{"href":"https:\/\/nildadecoracoes.com.br\/site\/wp-json\/wp\/v2\/types\/page"}],"author":[{"embeddable":true,"href":"https:\/\/nildadecoracoes.com.br\/site\/wp-json\/wp\/v2\/users\/1"}],"replies":[{"embeddable":true,"href":"https:\/\/nildadecoracoes.com.br\/site\/wp-json\/wp\/v2\/comments?post=1647"}],"version-history":[{"count":15,"href":"https:\/\/nildadecoracoes.com.br\/site\/wp-json\/wp\/v2\/pages\/1647\/revisions"}],"predecessor-version":[{"id":1677,"href":"https:\/\/nildadecoracoes.com.br\/site\/wp-json\/wp\/v2\/pages\/1647\/revisions\/1677"}],"wp:attachment":[{"href":"https:\/\/nildadecoracoes.com.br\/site\/wp-json\/wp\/v2\/media?parent=1647"}],"curies":[{"name":"wp","href":"https:\/\/api.w.org\/{rel}","templated":true}]}}