{"id":539,"date":"2023-06-10T16:20:27","date_gmt":"2023-06-10T19:20:27","guid":{"rendered":"https:\/\/nildadecoracoes.com.br\/?page_id=539"},"modified":"2023-06-15T18:00:11","modified_gmt":"2023-06-15T21:00:11","slug":"elementor-539","status":"publish","type":"page","link":"https:\/\/nildadecoracoes.com.br\/site\/elementor-539\/","title":{"rendered":"SERVI\u00c7OS"},"content":{"rendered":"\t\t<div data-elementor-type=\"wp-page\" data-elementor-id=\"539\" class=\"elementor elementor-539\" data-elementor-settings=\"{&quot;ha_cmc_init_switcher&quot;:&quot;no&quot;}\">\n\t\t\t\t<div class=\"elementor-element elementor-element-868a7d7 e-flex e-con-boxed e-con e-parent\" data-id=\"868a7d7\" data-element_type=\"container\" data-e-type=\"container\" data-settings=\"{&quot;_ha_eqh_enable&quot;:false}\">\n\t\t\t\t\t<div class=\"e-con-inner\">\n\t\t\t\t<div class=\"elementor-element elementor-element-60ffa7a elementor-widget elementor-widget-heading\" data-id=\"60ffa7a\" data-element_type=\"widget\" data-e-type=\"widget\" data-widget_type=\"heading.default\">\n\t\t\t\t<div class=\"elementor-widget-container\">\n\t\t\t\t\t<h2 class=\"elementor-heading-title elementor-size-default\">NOSSOS SERVI\u00c7OS<\/h2>\t\t\t\t<\/div>\n\t\t\t\t<\/div>\n\t\t\t\t\t<\/div>\n\t\t\t\t<\/div>\n\t\t<div class=\"elementor-element elementor-element-26f9224 e-flex e-con-boxed e-con e-parent\" data-id=\"26f9224\" data-element_type=\"container\" data-e-type=\"container\" data-settings=\"{&quot;_ha_eqh_enable&quot;:false}\">\n\t\t\t\t\t<div class=\"e-con-inner\">\n\t\t<div class=\"elementor-element elementor-element-abffa74 e-con-full e-flex e-con e-parent\" data-id=\"abffa74\" data-element_type=\"container\" data-e-type=\"container\" data-settings=\"{&quot;_ha_eqh_enable&quot;:false}\">\n\t\t\t\t<div class=\"elementor-element elementor-element-944bb7c elementor-widget elementor-widget-text-editor\" data-id=\"944bb7c\" data-element_type=\"widget\" data-e-type=\"widget\" data-widget_type=\"text-editor.default\">\n\t\t\t\t<div class=\"elementor-widget-container\">\n\t\t\t\t\t\t\t\t\t<p>Nossos servi\u00e7os de decora\u00e7\u00e3o incluem duas op\u00e7\u00f5es: pegue e monte ou montagem e desmontagem. A escolha \u00e9 sua! Vamos explicar cada uma delas para que voc\u00ea possa decidir qual se encaixa melhor no seu evento.<\/p>\t\t\t\t\t\t\t\t<\/div>\n\t\t\t\t<\/div>\n\t\t\t\t<\/div>\n\t\t<div class=\"elementor-element elementor-element-0e905f0 e-con-full e-flex e-con e-parent\" data-id=\"0e905f0\" data-element_type=\"container\" data-e-type=\"container\" data-settings=\"{&quot;_ha_eqh_enable&quot;:false}\">\n\t\t\t\t<div class=\"elementor-element elementor-element-1617a26 elementor-widget elementor-widget-image\" data-id=\"1617a26\" data-element_type=\"widget\" data-e-type=\"widget\" data-widget_type=\"image.default\">\n\t\t\t\t<div class=\"elementor-widget-container\">\n\t\t\t\t\t\t\t\t\t\t\t\t\t\t\t<img fetchpriority=\"high\" decoding=\"async\" width=\"768\" height=\"768\" src=\"https:\/\/nildadecoracoes.com.br\/site\/wp-content\/uploads\/2023\/06\/img_20200717_232621_561_50731397346_o-768x768.jpg\" class=\"attachment-medium_large size-medium_large wp-image-317\" alt=\"\" srcset=\"https:\/\/nildadecoracoes.com.br\/site\/wp-content\/uploads\/2023\/06\/img_20200717_232621_561_50731397346_o-768x768.jpg 768w, https:\/\/nildadecoracoes.com.br\/site\/wp-content\/uploads\/2023\/06\/img_20200717_232621_561_50731397346_o-300x300.jpg 300w, https:\/\/nildadecoracoes.com.br\/site\/wp-content\/uploads\/2023\/06\/img_20200717_232621_561_50731397346_o-1024x1024.jpg 1024w, https:\/\/nildadecoracoes.com.br\/site\/wp-content\/uploads\/2023\/06\/img_20200717_232621_561_50731397346_o-150x150.jpg 150w, https:\/\/nildadecoracoes.com.br\/site\/wp-content\/uploads\/2023\/06\/img_20200717_232621_561_50731397346_o.jpg 1080w\" sizes=\"(max-width: 768px) 100vw, 768px\" \/>\t\t\t\t\t\t\t\t\t\t\t\t\t\t\t<\/div>\n\t\t\t\t<\/div>\n\t\t\t\t<\/div>\n\t\t\t\t\t<\/div>\n\t\t\t\t<\/div>\n\t\t<div class=\"elementor-element elementor-element-1925acf e-flex e-con-boxed e-con e-parent\" data-id=\"1925acf\" data-element_type=\"container\" data-e-type=\"container\" data-settings=\"{&quot;_ha_eqh_enable&quot;:false}\">\n\t\t\t\t\t<div class=\"e-con-inner\">\n\t\t\t\t<div class=\"elementor-element elementor-element-f4a53eb elementor-widget elementor-widget-heading\" data-id=\"f4a53eb\" data-element_type=\"widget\" data-e-type=\"widget\" data-widget_type=\"heading.default\">\n\t\t\t\t<div class=\"elementor-widget-container\">\n\t\t\t\t\t<h2 class=\"elementor-heading-title elementor-size-default\">PEGUE E MONTE<\/h2>\t\t\t\t<\/div>\n\t\t\t\t<\/div>\n\t\t\t\t\t<\/div>\n\t\t\t\t<\/div>\n\t\t<div class=\"elementor-element elementor-element-98c4ba2 e-flex e-con-boxed e-con e-parent\" data-id=\"98c4ba2\" data-element_type=\"container\" data-e-type=\"container\" data-settings=\"{&quot;_ha_eqh_enable&quot;:false}\">\n\t\t\t\t\t<div class=\"e-con-inner\">\n\t\t<div class=\"elementor-element elementor-element-84d909d e-con-full e-flex e-con e-parent\" data-id=\"84d909d\" data-element_type=\"container\" data-e-type=\"container\" data-settings=\"{&quot;_ha_eqh_enable&quot;:false}\">\n\t\t\t\t<div class=\"elementor-element elementor-element-bef126e elementor-widget elementor-widget-text-editor\" data-id=\"bef126e\" data-element_type=\"widget\" data-e-type=\"widget\" data-widget_type=\"text-editor.default\">\n\t\t\t\t<div class=\"elementor-widget-container\">\n\t\t\t\t\t\t\t\t\t<p>Para os clientes que preferem colocar a m\u00e3o na massa e criar sua pr\u00f3pria atmosfera festiva, oferecemos o servi\u00e7o de pegue e monte, o cliente retira em nosso showroom a decora\u00e7\u00e3o escolhida, monta e desmonta como desejar e depois realiza a entrega em nosso local, essa modalidade oferece um pre\u00e7o menor entre nossas op\u00e7\u00f5es.<\/p>\n<p>As nossas decora\u00e7\u00f5es oferecem uma f\u00e1cil montagem e desmontagem, qualquer ajuda estaremos a disposi\u00e7\u00e3o, para mais informa\u00e7\u00f5es entrar em contato.<\/p>\n<p><\/p>\t\t\t\t\t\t\t\t<\/div>\n\t\t\t\t<\/div>\n\t\t\t\t<\/div>\n\t\t<div class=\"elementor-element elementor-element-c418adb e-con-full e-flex e-con e-parent\" data-id=\"c418adb\" data-element_type=\"container\" data-e-type=\"container\" data-settings=\"{&quot;_ha_eqh_enable&quot;:false}\">\n\t\t\t\t<div class=\"elementor-element elementor-element-804b394 elementor-widget elementor-widget-image\" data-id=\"804b394\" data-element_type=\"widget\" data-e-type=\"widget\" data-widget_type=\"image.default\">\n\t\t\t\t<div class=\"elementor-widget-container\">\n\t\t\t\t\t\t\t\t\t\t\t\t\t\t\t<img decoding=\"async\" width=\"768\" height=\"962\" src=\"https:\/\/nildadecoracoes.com.br\/site\/wp-content\/uploads\/2023\/06\/50923470542_7f16f12d7a_k-e1686583723816-768x962.jpg\" class=\"attachment-medium_large size-medium_large wp-image-346\" alt=\"\" srcset=\"https:\/\/nildadecoracoes.com.br\/site\/wp-content\/uploads\/2023\/06\/50923470542_7f16f12d7a_k-e1686583723816-768x962.jpg 768w, https:\/\/nildadecoracoes.com.br\/site\/wp-content\/uploads\/2023\/06\/50923470542_7f16f12d7a_k-e1686583723816-240x300.jpg 240w, https:\/\/nildadecoracoes.com.br\/site\/wp-content\/uploads\/2023\/06\/50923470542_7f16f12d7a_k-e1686583723816-818x1024.jpg 818w, https:\/\/nildadecoracoes.com.br\/site\/wp-content\/uploads\/2023\/06\/50923470542_7f16f12d7a_k-e1686583723816-1226x1536.jpg 1226w, https:\/\/nildadecoracoes.com.br\/site\/wp-content\/uploads\/2023\/06\/50923470542_7f16f12d7a_k-e1686583723816.jpg 1533w\" sizes=\"(max-width: 768px) 100vw, 768px\" \/>\t\t\t\t\t\t\t\t\t\t\t\t\t\t\t<\/div>\n\t\t\t\t<\/div>\n\t\t\t\t<\/div>\n\t\t\t\t\t<\/div>\n\t\t\t\t<\/div>\n\t\t<div class=\"elementor-element elementor-element-014be53 e-flex e-con-boxed e-con e-parent\" data-id=\"014be53\" data-element_type=\"container\" data-e-type=\"container\" data-settings=\"{&quot;_ha_eqh_enable&quot;:false}\">\n\t\t\t\t\t<div class=\"e-con-inner\">\n\t\t\t\t<div class=\"elementor-element elementor-element-5bda86a elementor-widget elementor-widget-heading\" data-id=\"5bda86a\" data-element_type=\"widget\" data-e-type=\"widget\" data-widget_type=\"heading.default\">\n\t\t\t\t<div class=\"elementor-widget-container\">\n\t\t\t\t\t<h2 class=\"elementor-heading-title elementor-size-default\">MONTAGEM E DESMONTAGEM<\/h2>\t\t\t\t<\/div>\n\t\t\t\t<\/div>\n\t\t\t\t\t<\/div>\n\t\t\t\t<\/div>\n\t\t<div class=\"elementor-element elementor-element-e55be02 e-flex e-con-boxed e-con e-parent\" data-id=\"e55be02\" data-element_type=\"container\" data-e-type=\"container\" data-settings=\"{&quot;_ha_eqh_enable&quot;:false}\">\n\t\t\t\t\t<div class=\"e-con-inner\">\n\t\t<div class=\"elementor-element elementor-element-8f0474d e-con-full e-flex e-con e-parent\" data-id=\"8f0474d\" data-element_type=\"container\" data-e-type=\"container\" data-settings=\"{&quot;_ha_eqh_enable&quot;:false}\">\n\t\t\t\t<div class=\"elementor-element elementor-element-1fe16ff elementor-widget elementor-widget-text-editor\" data-id=\"1fe16ff\" data-element_type=\"widget\" data-e-type=\"widget\" data-widget_type=\"text-editor.default\">\n\t\t\t\t<div class=\"elementor-widget-container\">\n\t\t\t\t\t\t\t\t\t<p>Para aqueles que preferem uma experi\u00eancia mais tranquila, oferecemos o servi\u00e7o completo de montagem e desmontagem. Nossa equipe de profissionais cuidar\u00e1 de todos os detalhes da decora\u00e7\u00e3o, desde a entrega dos materiais at\u00e9 a montagem. Ap\u00f3s o t\u00e9rmino do evento, tamb\u00e9m nos encarregamos de desmontar tudo, para que voc\u00ea possa relaxar e aproveitar a festa sem preocupa\u00e7\u00f5es.<\/p>\t\t\t\t\t\t\t\t<\/div>\n\t\t\t\t<\/div>\n\t\t\t\t<\/div>\n\t\t<div class=\"elementor-element elementor-element-015fecd e-con-full e-flex e-con e-parent\" data-id=\"015fecd\" data-element_type=\"container\" data-e-type=\"container\" data-settings=\"{&quot;_ha_eqh_enable&quot;:false}\">\n\t\t\t\t<div class=\"elementor-element elementor-element-056c16e elementor-widget elementor-widget-image\" data-id=\"056c16e\" data-element_type=\"widget\" data-e-type=\"widget\" data-widget_type=\"image.default\">\n\t\t\t\t<div class=\"elementor-widget-container\">\n\t\t\t\t\t\t\t\t\t\t\t\t\t\t\t<img decoding=\"async\" width=\"1024\" height=\"802\" src=\"https:\/\/nildadecoracoes.com.br\/site\/wp-content\/uploads\/2023\/06\/20230520_132900-1-scaled-e1686342975669-1024x802.jpg\" class=\"attachment-large size-large wp-image-323\" alt=\"\" srcset=\"https:\/\/nildadecoracoes.com.br\/site\/wp-content\/uploads\/2023\/06\/20230520_132900-1-scaled-e1686342975669-1024x802.jpg 1024w, https:\/\/nildadecoracoes.com.br\/site\/wp-content\/uploads\/2023\/06\/20230520_132900-1-scaled-e1686342975669-300x235.jpg 300w, https:\/\/nildadecoracoes.com.br\/site\/wp-content\/uploads\/2023\/06\/20230520_132900-1-scaled-e1686342975669-768x601.jpg 768w, https:\/\/nildadecoracoes.com.br\/site\/wp-content\/uploads\/2023\/06\/20230520_132900-1-scaled-e1686342975669-1536x1202.jpg 1536w, https:\/\/nildadecoracoes.com.br\/site\/wp-content\/uploads\/2023\/06\/20230520_132900-1-scaled-e1686342975669.jpg 1888w\" sizes=\"(max-width: 1024px) 100vw, 1024px\" \/>\t\t\t\t\t\t\t\t\t\t\t\t\t\t\t<\/div>\n\t\t\t\t<\/div>\n\t\t\t\t<\/div>\n\t\t\t\t\t<\/div>\n\t\t\t\t<\/div>\n\t\t\t\t<\/div>\n\t\t","protected":false},"excerpt":{"rendered":"<p>NOSSOS SERVI\u00c7OS Nossos servi\u00e7os de decora\u00e7\u00e3o incluem duas op\u00e7\u00f5es: pegue e monte ou montagem e desmontagem. A escolha \u00e9 sua! Vamos explicar cada uma delas para que voc\u00ea possa decidir qual se encaixa melhor no seu evento. PEGUE E MONTE Para os clientes que preferem colocar a m\u00e3o na massa e criar sua pr\u00f3pria atmosfera&hellip;&nbsp;<a href=\"https:\/\/nildadecoracoes.com.br\/site\/elementor-539\/\" rel=\"bookmark\"><span class=\"screen-reader-text\">SERVI\u00c7OS<\/span><\/a><\/p>\n","protected":false},"author":1,"featured_media":0,"parent":0,"menu_order":0,"comment_status":"closed","ping_status":"closed","template":"page-templates\/template-pagebuilder-full-width.php","meta":{"neve_meta_sidebar":"","neve_meta_container":"","neve_meta_enable_content_width":"","neve_meta_content_width":0,"neve_meta_title_alignment":"","neve_meta_author_avatar":"","neve_post_elements_order":"","neve_meta_disable_header":"","neve_meta_disable_footer":"","neve_meta_disable_title":"","footnotes":""},"class_list":["post-539","page","type-page","status-publish","hentry"],"yoast_head":"<!-- This site is optimized with the Yoast SEO plugin v26.9 - https:\/\/yoast.com\/product\/yoast-seo-wordpress\/ -->\n<title>SERVI\u00c7OS - Nilda Decora\u00e7\u00f5es<\/title>\n<meta name=\"robots\" content=\"index, follow, max-snippet:-1, max-image-preview:large, max-video-preview:-1\" \/>\n<link rel=\"canonical\" href=\"https:\/\/nildadecoracoes.com.br\/site\/elementor-539\/\" \/>\n<meta property=\"og:locale\" content=\"pt_BR\" \/>\n<meta property=\"og:type\" content=\"article\" \/>\n<meta property=\"og:title\" content=\"SERVI\u00c7OS - Nilda Decora\u00e7\u00f5es\" \/>\n<meta property=\"og:description\" content=\"NOSSOS SERVI\u00c7OS Nossos servi\u00e7os de decora\u00e7\u00e3o incluem duas op\u00e7\u00f5es: pegue e monte ou montagem e desmontagem. A escolha \u00e9 sua! Vamos explicar cada uma delas para que voc\u00ea possa decidir qual se encaixa melhor no seu evento. PEGUE E MONTE Para os clientes que preferem colocar a m\u00e3o na massa e criar sua pr\u00f3pria atmosfera&hellip;&nbsp;SERVI\u00c7OS\" \/>\n<meta property=\"og:url\" content=\"https:\/\/nildadecoracoes.com.br\/site\/elementor-539\/\" \/>\n<meta property=\"og:site_name\" content=\"Nilda Decora\u00e7\u00f5es\" \/>\n<meta property=\"article:publisher\" content=\"https:\/\/www.facebook.com\/nilda.dasilva.9638\" \/>\n<meta property=\"article:modified_time\" content=\"2023-06-15T21:00:11+00:00\" \/>\n<meta property=\"og:image\" content=\"https:\/\/nildadecoracoes.com.br\/wp-content\/uploads\/2023\/06\/img_20200717_232621_561_50731397346_o-768x768.jpg\" \/>\n<meta name=\"twitter:card\" content=\"summary_large_image\" \/>\n<meta name=\"twitter:label1\" content=\"Est. tempo de leitura\" \/>\n\t<meta name=\"twitter:data1\" content=\"1 minuto\" \/>\n<script type=\"application\/ld+json\" class=\"yoast-schema-graph\">{\"@context\":\"https:\/\/schema.org\",\"@graph\":[{\"@type\":\"WebPage\",\"@id\":\"https:\/\/nildadecoracoes.com.br\/site\/elementor-539\/\",\"url\":\"https:\/\/nildadecoracoes.com.br\/site\/elementor-539\/\",\"name\":\"SERVI\u00c7OS - Nilda Decora\u00e7\u00f5es\",\"isPartOf\":{\"@id\":\"https:\/\/nildadecoracoes.com.br\/site\/#website\"},\"primaryImageOfPage\":{\"@id\":\"https:\/\/nildadecoracoes.com.br\/site\/elementor-539\/#primaryimage\"},\"image\":{\"@id\":\"https:\/\/nildadecoracoes.com.br\/site\/elementor-539\/#primaryimage\"},\"thumbnailUrl\":\"https:\/\/nildadecoracoes.com.br\/wp-content\/uploads\/2023\/06\/img_20200717_232621_561_50731397346_o-768x768.jpg\",\"datePublished\":\"2023-06-10T19:20:27+00:00\",\"dateModified\":\"2023-06-15T21:00:11+00:00\",\"breadcrumb\":{\"@id\":\"https:\/\/nildadecoracoes.com.br\/site\/elementor-539\/#breadcrumb\"},\"inLanguage\":\"pt-BR\",\"potentialAction\":[{\"@type\":\"ReadAction\",\"target\":[\"https:\/\/nildadecoracoes.com.br\/site\/elementor-539\/\"]}]},{\"@type\":\"ImageObject\",\"inLanguage\":\"pt-BR\",\"@id\":\"https:\/\/nildadecoracoes.com.br\/site\/elementor-539\/#primaryimage\",\"url\":\"https:\/\/nildadecoracoes.com.br\/wp-content\/uploads\/2023\/06\/img_20200717_232621_561_50731397346_o-768x768.jpg\",\"contentUrl\":\"https:\/\/nildadecoracoes.com.br\/wp-content\/uploads\/2023\/06\/img_20200717_232621_561_50731397346_o-768x768.jpg\"},{\"@type\":\"BreadcrumbList\",\"@id\":\"https:\/\/nildadecoracoes.com.br\/site\/elementor-539\/#breadcrumb\",\"itemListElement\":[{\"@type\":\"ListItem\",\"position\":1,\"name\":\"In\u00edcio\",\"item\":\"https:\/\/nildadecoracoes.com.br\/site\/\"},{\"@type\":\"ListItem\",\"position\":2,\"name\":\"SERVI\u00c7OS\"}]},{\"@type\":\"WebSite\",\"@id\":\"https:\/\/nildadecoracoes.com.br\/site\/#website\",\"url\":\"https:\/\/nildadecoracoes.com.br\/site\/\",\"name\":\"Nilda Decora\u00e7\u00f5es Mil\",\"description\":\"Realizando sonhos!\",\"publisher\":{\"@id\":\"https:\/\/nildadecoracoes.com.br\/site\/#organization\"},\"potentialAction\":[{\"@type\":\"SearchAction\",\"target\":{\"@type\":\"EntryPoint\",\"urlTemplate\":\"https:\/\/nildadecoracoes.com.br\/site\/?s={search_term_string}\"},\"query-input\":{\"@type\":\"PropertyValueSpecification\",\"valueRequired\":true,\"valueName\":\"search_term_string\"}}],\"inLanguage\":\"pt-BR\"},{\"@type\":\"Organization\",\"@id\":\"https:\/\/nildadecoracoes.com.br\/site\/#organization\",\"name\":\"Nilda Decora\u00e7\u00f5es Mil\",\"url\":\"https:\/\/nildadecoracoes.com.br\/site\/\",\"logo\":{\"@type\":\"ImageObject\",\"inLanguage\":\"pt-BR\",\"@id\":\"https:\/\/nildadecoracoes.com.br\/site\/#\/schema\/logo\/image\/\",\"url\":\"https:\/\/mlic0gcva83q.i.optimole.com\/w:300\/h:161\/q:mauto\/f:avif\/https:\/\/nildadecoracoes.com.br\/wp-content\/uploads\/2024\/04\/cropped-Logo-reso-melhorada.jpg\",\"contentUrl\":\"https:\/\/mlic0gcva83q.i.optimole.com\/w:300\/h:161\/q:mauto\/f:avif\/https:\/\/nildadecoracoes.com.br\/wp-content\/uploads\/2024\/04\/cropped-Logo-reso-melhorada.jpg\",\"width\":300,\"height\":161,\"caption\":\"Nilda Decora\u00e7\u00f5es Mil\"},\"image\":{\"@id\":\"https:\/\/nildadecoracoes.com.br\/site\/#\/schema\/logo\/image\/\"},\"sameAs\":[\"https:\/\/www.facebook.com\/nilda.dasilva.9638\",\"https:\/\/www.instagram.com\/nildadecoracoesmil\/\"]}]}<\/script>\n<!-- \/ Yoast SEO plugin. -->","yoast_head_json":{"title":"SERVI\u00c7OS - Nilda Decora\u00e7\u00f5es","robots":{"index":"index","follow":"follow","max-snippet":"max-snippet:-1","max-image-preview":"max-image-preview:large","max-video-preview":"max-video-preview:-1"},"canonical":"https:\/\/nildadecoracoes.com.br\/site\/elementor-539\/","og_locale":"pt_BR","og_type":"article","og_title":"SERVI\u00c7OS - Nilda Decora\u00e7\u00f5es","og_description":"NOSSOS SERVI\u00c7OS Nossos servi\u00e7os de decora\u00e7\u00e3o incluem duas op\u00e7\u00f5es: pegue e monte ou montagem e desmontagem. A escolha \u00e9 sua! Vamos explicar cada uma delas para que voc\u00ea possa decidir qual se encaixa melhor no seu evento. PEGUE E MONTE Para os clientes que preferem colocar a m\u00e3o na massa e criar sua pr\u00f3pria atmosfera&hellip;&nbsp;SERVI\u00c7OS","og_url":"https:\/\/nildadecoracoes.com.br\/site\/elementor-539\/","og_site_name":"Nilda Decora\u00e7\u00f5es","article_publisher":"https:\/\/www.facebook.com\/nilda.dasilva.9638","article_modified_time":"2023-06-15T21:00:11+00:00","og_image":[{"url":"https:\/\/nildadecoracoes.com.br\/wp-content\/uploads\/2023\/06\/img_20200717_232621_561_50731397346_o-768x768.jpg","type":"","width":"","height":""}],"twitter_card":"summary_large_image","twitter_misc":{"Est. tempo de leitura":"1 minuto"},"schema":{"@context":"https:\/\/schema.org","@graph":[{"@type":"WebPage","@id":"https:\/\/nildadecoracoes.com.br\/site\/elementor-539\/","url":"https:\/\/nildadecoracoes.com.br\/site\/elementor-539\/","name":"SERVI\u00c7OS - Nilda Decora\u00e7\u00f5es","isPartOf":{"@id":"https:\/\/nildadecoracoes.com.br\/site\/#website"},"primaryImageOfPage":{"@id":"https:\/\/nildadecoracoes.com.br\/site\/elementor-539\/#primaryimage"},"image":{"@id":"https:\/\/nildadecoracoes.com.br\/site\/elementor-539\/#primaryimage"},"thumbnailUrl":"https:\/\/nildadecoracoes.com.br\/wp-content\/uploads\/2023\/06\/img_20200717_232621_561_50731397346_o-768x768.jpg","datePublished":"2023-06-10T19:20:27+00:00","dateModified":"2023-06-15T21:00:11+00:00","breadcrumb":{"@id":"https:\/\/nildadecoracoes.com.br\/site\/elementor-539\/#breadcrumb"},"inLanguage":"pt-BR","potentialAction":[{"@type":"ReadAction","target":["https:\/\/nildadecoracoes.com.br\/site\/elementor-539\/"]}]},{"@type":"ImageObject","inLanguage":"pt-BR","@id":"https:\/\/nildadecoracoes.com.br\/site\/elementor-539\/#primaryimage","url":"https:\/\/nildadecoracoes.com.br\/wp-content\/uploads\/2023\/06\/img_20200717_232621_561_50731397346_o-768x768.jpg","contentUrl":"https:\/\/nildadecoracoes.com.br\/wp-content\/uploads\/2023\/06\/img_20200717_232621_561_50731397346_o-768x768.jpg"},{"@type":"BreadcrumbList","@id":"https:\/\/nildadecoracoes.com.br\/site\/elementor-539\/#breadcrumb","itemListElement":[{"@type":"ListItem","position":1,"name":"In\u00edcio","item":"https:\/\/nildadecoracoes.com.br\/site\/"},{"@type":"ListItem","position":2,"name":"SERVI\u00c7OS"}]},{"@type":"WebSite","@id":"https:\/\/nildadecoracoes.com.br\/site\/#website","url":"https:\/\/nildadecoracoes.com.br\/site\/","name":"Nilda Decora\u00e7\u00f5es Mil","description":"Realizando sonhos!","publisher":{"@id":"https:\/\/nildadecoracoes.com.br\/site\/#organization"},"potentialAction":[{"@type":"SearchAction","target":{"@type":"EntryPoint","urlTemplate":"https:\/\/nildadecoracoes.com.br\/site\/?s={search_term_string}"},"query-input":{"@type":"PropertyValueSpecification","valueRequired":true,"valueName":"search_term_string"}}],"inLanguage":"pt-BR"},{"@type":"Organization","@id":"https:\/\/nildadecoracoes.com.br\/site\/#organization","name":"Nilda Decora\u00e7\u00f5es Mil","url":"https:\/\/nildadecoracoes.com.br\/site\/","logo":{"@type":"ImageObject","inLanguage":"pt-BR","@id":"https:\/\/nildadecoracoes.com.br\/site\/#\/schema\/logo\/image\/","url":"https:\/\/mlic0gcva83q.i.optimole.com\/w:300\/h:161\/q:mauto\/f:avif\/https:\/\/nildadecoracoes.com.br\/wp-content\/uploads\/2024\/04\/cropped-Logo-reso-melhorada.jpg","contentUrl":"https:\/\/mlic0gcva83q.i.optimole.com\/w:300\/h:161\/q:mauto\/f:avif\/https:\/\/nildadecoracoes.com.br\/wp-content\/uploads\/2024\/04\/cropped-Logo-reso-melhorada.jpg","width":300,"height":161,"caption":"Nilda Decora\u00e7\u00f5es Mil"},"image":{"@id":"https:\/\/nildadecoracoes.com.br\/site\/#\/schema\/logo\/image\/"},"sameAs":["https:\/\/www.facebook.com\/nilda.dasilva.9638","https:\/\/www.instagram.com\/nildadecoracoesmil\/"]}]}},"_links":{"self":[{"href":"https:\/\/nildadecoracoes.com.br\/site\/wp-json\/wp\/v2\/pages\/539","targetHints":{"allow":["GET"]}}],"collection":[{"href":"https:\/\/nildadecoracoes.com.br\/site\/wp-json\/wp\/v2\/pages"}],"about":[{"href":"https:\/\/nildadecoracoes.com.br\/site\/wp-json\/wp\/v2\/types\/page"}],"author":[{"embeddable":true,"href":"https:\/\/nildadecoracoes.com.br\/site\/wp-json\/wp\/v2\/users\/1"}],"replies":[{"embeddable":true,"href":"https:\/\/nildadecoracoes.com.br\/site\/wp-json\/wp\/v2\/comments?post=539"}],"version-history":[{"count":29,"href":"https:\/\/nildadecoracoes.com.br\/site\/wp-json\/wp\/v2\/pages\/539\/revisions"}],"predecessor-version":[{"id":752,"href":"https:\/\/nildadecoracoes.com.br\/site\/wp-json\/wp\/v2\/pages\/539\/revisions\/752"}],"wp:attachment":[{"href":"https:\/\/nildadecoracoes.com.br\/site\/wp-json\/wp\/v2\/media?parent=539"}],"curies":[{"name":"wp","href":"https:\/\/api.w.org\/{rel}","templated":true}]}}