{"id":74,"date":"2023-03-16T13:34:37","date_gmt":"2023-03-16T16:34:37","guid":{"rendered":"https:\/\/nildadecoracoes.com.br\/?page_id=74"},"modified":"2023-06-26T21:06:04","modified_gmt":"2023-06-27T00:06:04","slug":"inicio","status":"publish","type":"page","link":"https:\/\/nildadecoracoes.com.br\/site\/","title":{"rendered":"IN\u00cdCIO"},"content":{"rendered":"\t\t<div data-elementor-type=\"wp-page\" data-elementor-id=\"74\" class=\"elementor elementor-74\" data-elementor-settings=\"{&quot;ha_cmc_init_switcher&quot;:&quot;no&quot;}\">\n\t\t\t\t<div class=\"elementor-element elementor-element-3ed4f81 e-flex e-con-boxed e-con e-parent\" data-id=\"3ed4f81\" data-element_type=\"container\" data-e-type=\"container\" data-settings=\"{&quot;_ha_eqh_enable&quot;:false}\">\n\t\t\t\t\t<div class=\"e-con-inner\">\n\t\t<div class=\"elementor-element elementor-element-6e3fbf0 e-con-full e-flex e-con e-parent\" data-id=\"6e3fbf0\" data-element_type=\"container\" data-e-type=\"container\" data-settings=\"{&quot;_ha_eqh_enable&quot;:false}\">\n\t\t\t\t<div class=\"elementor-element elementor-element-f41b720 elementor-widget-mobile__width-initial elementor-widget elementor-widget-text-editor\" data-id=\"f41b720\" data-element_type=\"widget\" data-e-type=\"widget\" data-widget_type=\"text-editor.default\">\n\t\t\t\t<div class=\"elementor-widget-container\">\n\t\t\t\t\t\t\t\t\t<h1>Bem-vindo<strong> ao mundo m\u00e1gico de festas com Nilda Decora\u00e7\u00f5es!<\/strong><\/h1><p><strong>\u00a0<\/strong><\/p>\t\t\t\t\t\t\t\t<\/div>\n\t\t\t\t<\/div>\n\t\t\t\t<\/div>\n\t\t<div class=\"elementor-element elementor-element-a7ef6fe e-con-full e-flex e-con e-parent\" data-id=\"a7ef6fe\" data-element_type=\"container\" data-e-type=\"container\" data-settings=\"{&quot;_ha_eqh_enable&quot;:false}\">\n\t\t\t\t<div class=\"elementor-element elementor-element-194571f elementor-widget elementor-widget-image\" data-id=\"194571f\" data-element_type=\"widget\" data-e-type=\"widget\" data-widget_type=\"image.default\">\n\t\t\t\t<div class=\"elementor-widget-container\">\n\t\t\t\t\t\t\t\t\t\t\t\t\t\t\t<img fetchpriority=\"high\" decoding=\"async\" width=\"1024\" height=\"925\" src=\"https:\/\/nildadecoracoes.com.br\/site\/wp-content\/uploads\/2023\/06\/20220824_155205-scaled-e1687824356946-1024x925.jpg\" class=\"attachment-large size-large wp-image-1228\" alt=\"\" srcset=\"https:\/\/nildadecoracoes.com.br\/site\/wp-content\/uploads\/2023\/06\/20220824_155205-scaled-e1687824356946-1024x925.jpg 1024w, https:\/\/nildadecoracoes.com.br\/site\/wp-content\/uploads\/2023\/06\/20220824_155205-scaled-e1687824356946-300x271.jpg 300w, https:\/\/nildadecoracoes.com.br\/site\/wp-content\/uploads\/2023\/06\/20220824_155205-scaled-e1687824356946-768x694.jpg 768w, https:\/\/nildadecoracoes.com.br\/site\/wp-content\/uploads\/2023\/06\/20220824_155205-scaled-e1687824356946.jpg 1152w\" sizes=\"(max-width: 1024px) 100vw, 1024px\" \/>\t\t\t\t\t\t\t\t\t\t\t\t\t\t\t<\/div>\n\t\t\t\t<\/div>\n\t\t\t\t<\/div>\n\t\t\t\t\t<\/div>\n\t\t\t\t<\/div>\n\t\t<div class=\"elementor-element elementor-element-7a9be5f e-flex e-con-boxed e-con e-parent\" data-id=\"7a9be5f\" data-element_type=\"container\" data-e-type=\"container\" data-settings=\"{&quot;_ha_eqh_enable&quot;:false}\">\n\t\t\t\t\t<div class=\"e-con-inner\">\n\t\t<div class=\"elementor-element elementor-element-efd0f7e e-con-full e-flex e-con e-parent\" data-id=\"efd0f7e\" data-element_type=\"container\" data-e-type=\"container\" data-settings=\"{&quot;_ha_eqh_enable&quot;:false}\">\n\t\t\t\t<div class=\"elementor-element elementor-element-4ed9194 elementor-widget elementor-widget-image\" data-id=\"4ed9194\" data-element_type=\"widget\" data-e-type=\"widget\" data-widget_type=\"image.default\">\n\t\t\t\t<div class=\"elementor-widget-container\">\n\t\t\t\t\t\t\t\t\t\t\t\t\t\t\t<img decoding=\"async\" width=\"1024\" height=\"706\" src=\"https:\/\/nildadecoracoes.com.br\/site\/wp-content\/uploads\/2023\/06\/Foto-quadrada-1024x706.jpg\" class=\"attachment-large size-large wp-image-928\" alt=\"\" srcset=\"https:\/\/nildadecoracoes.com.br\/site\/wp-content\/uploads\/2023\/06\/Foto-quadrada-1024x706.jpg 1024w, https:\/\/nildadecoracoes.com.br\/site\/wp-content\/uploads\/2023\/06\/Foto-quadrada-300x207.jpg 300w, https:\/\/nildadecoracoes.com.br\/site\/wp-content\/uploads\/2023\/06\/Foto-quadrada-768x530.jpg 768w, https:\/\/nildadecoracoes.com.br\/site\/wp-content\/uploads\/2023\/06\/Foto-quadrada.jpg 1219w\" sizes=\"(max-width: 1024px) 100vw, 1024px\" \/>\t\t\t\t\t\t\t\t\t\t\t\t\t\t\t<\/div>\n\t\t\t\t<\/div>\n\t\t\t\t<\/div>\n\t\t<div class=\"elementor-element elementor-element-3660894 e-con-full e-flex e-con e-parent\" data-id=\"3660894\" data-element_type=\"container\" data-e-type=\"container\" data-settings=\"{&quot;_ha_eqh_enable&quot;:false}\">\n\t\t\t\t<div class=\"elementor-element elementor-element-8259bae elementor-widget elementor-widget-text-editor\" data-id=\"8259bae\" data-element_type=\"widget\" data-e-type=\"widget\" data-widget_type=\"text-editor.default\">\n\t\t\t\t<div class=\"elementor-widget-container\">\n\t\t\t\t\t\t\t\t\t<p>Com mais de 20 anos de experi\u00eancia, somos especialistas em transformar suas celebra\u00e7\u00f5es em eventos \u00fanicos e memor\u00e1veis. Oferecemos mais de 50 temas diferentes, desde festas tem\u00e1ticas at\u00e9 decora\u00e7\u00f5es elegantes e sofisticadas.<\/p>\t\t\t\t\t\t\t\t<\/div>\n\t\t\t\t<\/div>\n\t\t\t\t<\/div>\n\t\t\t\t\t<\/div>\n\t\t\t\t<\/div>\n\t\t<div class=\"elementor-element elementor-element-3305658 e-flex e-con-boxed e-con e-parent\" data-id=\"3305658\" data-element_type=\"container\" data-e-type=\"container\" data-settings=\"{&quot;_ha_eqh_enable&quot;:false}\">\n\t\t\t\t\t<div class=\"e-con-inner\">\n\t\t<div class=\"elementor-element elementor-element-f6d9e73 e-con-full e-flex e-con e-parent\" data-id=\"f6d9e73\" data-element_type=\"container\" data-e-type=\"container\" data-settings=\"{&quot;_ha_eqh_enable&quot;:false}\">\n\t\t\t\t<div class=\"elementor-element elementor-element-ba523c3 elementor-widget elementor-widget-text-editor\" data-id=\"ba523c3\" data-element_type=\"widget\" data-e-type=\"widget\" data-widget_type=\"text-editor.default\">\n\t\t\t\t<div class=\"elementor-widget-container\">\n\t\t\t\t\t\t\t\t\t<p>Explore nosso site e descubra como podemos tornar sua celebra\u00e7\u00e3o especial. Entre em contato conosco hoje mesmo e deixe Nilda Decora\u00e7\u00f5es transformar sua festa em um evento inesquec\u00edvel!<\/p>\t\t\t\t\t\t\t\t<\/div>\n\t\t\t\t<\/div>\n\t\t\t\t<\/div>\n\t\t<div class=\"elementor-element elementor-element-f68da46 e-con-full e-flex e-con e-parent\" data-id=\"f68da46\" data-element_type=\"container\" data-e-type=\"container\" data-settings=\"{&quot;_ha_eqh_enable&quot;:false}\">\n\t\t\t\t<div class=\"elementor-element elementor-element-70b9e20 elementor-widget elementor-widget-image\" data-id=\"70b9e20\" data-element_type=\"widget\" data-e-type=\"widget\" data-widget_type=\"image.default\">\n\t\t\t\t<div class=\"elementor-widget-container\">\n\t\t\t\t\t\t\t\t\t\t\t\t\t\t\t<img decoding=\"async\" width=\"1024\" height=\"629\" src=\"https:\/\/nildadecoracoes.com.br\/site\/wp-content\/uploads\/2023\/06\/Screenshot_20211104-153311-1024x629.png\" class=\"attachment-large size-large wp-image-351\" alt=\"\" srcset=\"https:\/\/nildadecoracoes.com.br\/site\/wp-content\/uploads\/2023\/06\/Screenshot_20211104-153311-1024x629.png 1024w, https:\/\/nildadecoracoes.com.br\/site\/wp-content\/uploads\/2023\/06\/Screenshot_20211104-153311-300x184.png 300w, https:\/\/nildadecoracoes.com.br\/site\/wp-content\/uploads\/2023\/06\/Screenshot_20211104-153311-768x471.png 768w, https:\/\/nildadecoracoes.com.br\/site\/wp-content\/uploads\/2023\/06\/Screenshot_20211104-153311.png 1080w\" sizes=\"(max-width: 1024px) 100vw, 1024px\" \/>\t\t\t\t\t\t\t\t\t\t\t\t\t\t\t<\/div>\n\t\t\t\t<\/div>\n\t\t\t\t<\/div>\n\t\t\t\t\t<\/div>\n\t\t\t\t<\/div>\n\t\t\t\t<\/div>\n\t\t","protected":false},"excerpt":{"rendered":"<p>Bem-vindo ao mundo m\u00e1gico de festas com Nilda Decora\u00e7\u00f5es! \u00a0 Com mais de 20 anos de experi\u00eancia, somos especialistas em transformar suas celebra\u00e7\u00f5es em eventos \u00fanicos e memor\u00e1veis. Oferecemos mais de 50 temas diferentes, desde festas tem\u00e1ticas at\u00e9 decora\u00e7\u00f5es elegantes e sofisticadas. Explore nosso site e descubra como podemos tornar sua celebra\u00e7\u00e3o especial. Entre em&hellip;&nbsp;<a href=\"https:\/\/nildadecoracoes.com.br\/site\/\" rel=\"bookmark\"><span class=\"screen-reader-text\">IN\u00cdCIO<\/span><\/a><\/p>\n","protected":false},"author":1,"featured_media":0,"parent":0,"menu_order":0,"comment_status":"closed","ping_status":"closed","template":"elementor_header_footer","meta":{"neve_meta_sidebar":"","neve_meta_container":"","neve_meta_enable_content_width":"","neve_meta_content_width":0,"neve_meta_title_alignment":"","neve_meta_author_avatar":"","neve_post_elements_order":"","neve_meta_disable_header":"","neve_meta_disable_footer":"","neve_meta_disable_title":"","footnotes":""},"class_list":["post-74","page","type-page","status-publish","hentry"],"yoast_head":"<!-- This site is optimized with the Yoast SEO plugin v26.9 - https:\/\/yoast.com\/product\/yoast-seo-wordpress\/ -->\n<title>IN\u00cdCIO - Nilda Decora\u00e7\u00f5es<\/title>\n<meta name=\"robots\" content=\"index, follow, max-snippet:-1, max-image-preview:large, max-video-preview:-1\" \/>\n<link rel=\"canonical\" href=\"https:\/\/nildadecoracoes.com.br\/site\/\" \/>\n<meta property=\"og:locale\" content=\"pt_BR\" \/>\n<meta property=\"og:type\" content=\"article\" \/>\n<meta property=\"og:title\" content=\"IN\u00cdCIO - Nilda Decora\u00e7\u00f5es\" \/>\n<meta property=\"og:description\" content=\"Bem-vindo ao mundo m\u00e1gico de festas com Nilda Decora\u00e7\u00f5es! \u00a0 Com mais de 20 anos de experi\u00eancia, somos especialistas em transformar suas celebra\u00e7\u00f5es em eventos \u00fanicos e memor\u00e1veis. Oferecemos mais de 50 temas diferentes, desde festas tem\u00e1ticas at\u00e9 decora\u00e7\u00f5es elegantes e sofisticadas. Explore nosso site e descubra como podemos tornar sua celebra\u00e7\u00e3o especial. Entre em&hellip;&nbsp;IN\u00cdCIO\" \/>\n<meta property=\"og:url\" content=\"https:\/\/nildadecoracoes.com.br\/site\/\" \/>\n<meta property=\"og:site_name\" content=\"Nilda Decora\u00e7\u00f5es\" \/>\n<meta property=\"article:publisher\" content=\"https:\/\/www.facebook.com\/nilda.dasilva.9638\" \/>\n<meta property=\"article:modified_time\" content=\"2023-06-27T00:06:04+00:00\" \/>\n<meta property=\"og:image\" content=\"https:\/\/nildadecoracoes.com.br\/wp-content\/uploads\/2023\/06\/20220824_155205-scaled-e1687824356946-1024x925.jpg\" \/>\n<meta name=\"twitter:card\" content=\"summary_large_image\" \/>\n<script type=\"application\/ld+json\" class=\"yoast-schema-graph\">{\"@context\":\"https:\/\/schema.org\",\"@graph\":[{\"@type\":\"WebPage\",\"@id\":\"https:\/\/nildadecoracoes.com.br\/site\/\",\"url\":\"https:\/\/nildadecoracoes.com.br\/site\/\",\"name\":\"IN\u00cdCIO - Nilda Decora\u00e7\u00f5es\",\"isPartOf\":{\"@id\":\"https:\/\/nildadecoracoes.com.br\/site\/#website\"},\"primaryImageOfPage\":{\"@id\":\"https:\/\/nildadecoracoes.com.br\/site\/#primaryimage\"},\"image\":{\"@id\":\"https:\/\/nildadecoracoes.com.br\/site\/#primaryimage\"},\"thumbnailUrl\":\"https:\/\/nildadecoracoes.com.br\/wp-content\/uploads\/2023\/06\/20220824_155205-scaled-e1687824356946-1024x925.jpg\",\"datePublished\":\"2023-03-16T16:34:37+00:00\",\"dateModified\":\"2023-06-27T00:06:04+00:00\",\"breadcrumb\":{\"@id\":\"https:\/\/nildadecoracoes.com.br\/site\/#breadcrumb\"},\"inLanguage\":\"pt-BR\",\"potentialAction\":[{\"@type\":\"ReadAction\",\"target\":[\"https:\/\/nildadecoracoes.com.br\/site\/\"]}]},{\"@type\":\"ImageObject\",\"inLanguage\":\"pt-BR\",\"@id\":\"https:\/\/nildadecoracoes.com.br\/site\/#primaryimage\",\"url\":\"https:\/\/nildadecoracoes.com.br\/wp-content\/uploads\/2023\/06\/20220824_155205-scaled-e1687824356946-1024x925.jpg\",\"contentUrl\":\"https:\/\/nildadecoracoes.com.br\/wp-content\/uploads\/2023\/06\/20220824_155205-scaled-e1687824356946-1024x925.jpg\"},{\"@type\":\"BreadcrumbList\",\"@id\":\"https:\/\/nildadecoracoes.com.br\/site\/#breadcrumb\",\"itemListElement\":[{\"@type\":\"ListItem\",\"position\":1,\"name\":\"In\u00edcio\",\"item\":\"https:\/\/nildadecoracoes.com.br\/site\/\"},{\"@type\":\"ListItem\",\"position\":2,\"name\":\"IN\u00cdCIO\"}]},{\"@type\":\"WebSite\",\"@id\":\"https:\/\/nildadecoracoes.com.br\/site\/#website\",\"url\":\"https:\/\/nildadecoracoes.com.br\/site\/\",\"name\":\"Nilda Decora\u00e7\u00f5es Mil\",\"description\":\"Realizando sonhos!\",\"publisher\":{\"@id\":\"https:\/\/nildadecoracoes.com.br\/site\/#organization\"},\"potentialAction\":[{\"@type\":\"SearchAction\",\"target\":{\"@type\":\"EntryPoint\",\"urlTemplate\":\"https:\/\/nildadecoracoes.com.br\/site\/?s={search_term_string}\"},\"query-input\":{\"@type\":\"PropertyValueSpecification\",\"valueRequired\":true,\"valueName\":\"search_term_string\"}}],\"inLanguage\":\"pt-BR\"},{\"@type\":\"Organization\",\"@id\":\"https:\/\/nildadecoracoes.com.br\/site\/#organization\",\"name\":\"Nilda Decora\u00e7\u00f5es Mil\",\"url\":\"https:\/\/nildadecoracoes.com.br\/site\/\",\"logo\":{\"@type\":\"ImageObject\",\"inLanguage\":\"pt-BR\",\"@id\":\"https:\/\/nildadecoracoes.com.br\/site\/#\/schema\/logo\/image\/\",\"url\":\"https:\/\/mlic0gcva83q.i.optimole.com\/w:300\/h:161\/q:mauto\/f:avif\/https:\/\/nildadecoracoes.com.br\/wp-content\/uploads\/2024\/04\/cropped-Logo-reso-melhorada.jpg\",\"contentUrl\":\"https:\/\/mlic0gcva83q.i.optimole.com\/w:300\/h:161\/q:mauto\/f:avif\/https:\/\/nildadecoracoes.com.br\/wp-content\/uploads\/2024\/04\/cropped-Logo-reso-melhorada.jpg\",\"width\":300,\"height\":161,\"caption\":\"Nilda Decora\u00e7\u00f5es Mil\"},\"image\":{\"@id\":\"https:\/\/nildadecoracoes.com.br\/site\/#\/schema\/logo\/image\/\"},\"sameAs\":[\"https:\/\/www.facebook.com\/nilda.dasilva.9638\",\"https:\/\/www.instagram.com\/nildadecoracoesmil\/\"]}]}<\/script>\n<!-- \/ Yoast SEO plugin. -->","yoast_head_json":{"title":"IN\u00cdCIO - Nilda Decora\u00e7\u00f5es","robots":{"index":"index","follow":"follow","max-snippet":"max-snippet:-1","max-image-preview":"max-image-preview:large","max-video-preview":"max-video-preview:-1"},"canonical":"https:\/\/nildadecoracoes.com.br\/site\/","og_locale":"pt_BR","og_type":"article","og_title":"IN\u00cdCIO - Nilda Decora\u00e7\u00f5es","og_description":"Bem-vindo ao mundo m\u00e1gico de festas com Nilda Decora\u00e7\u00f5es! \u00a0 Com mais de 20 anos de experi\u00eancia, somos especialistas em transformar suas celebra\u00e7\u00f5es em eventos \u00fanicos e memor\u00e1veis. Oferecemos mais de 50 temas diferentes, desde festas tem\u00e1ticas at\u00e9 decora\u00e7\u00f5es elegantes e sofisticadas. Explore nosso site e descubra como podemos tornar sua celebra\u00e7\u00e3o especial. Entre em&hellip;&nbsp;IN\u00cdCIO","og_url":"https:\/\/nildadecoracoes.com.br\/site\/","og_site_name":"Nilda Decora\u00e7\u00f5es","article_publisher":"https:\/\/www.facebook.com\/nilda.dasilva.9638","article_modified_time":"2023-06-27T00:06:04+00:00","og_image":[{"url":"https:\/\/nildadecoracoes.com.br\/wp-content\/uploads\/2023\/06\/20220824_155205-scaled-e1687824356946-1024x925.jpg","type":"","width":"","height":""}],"twitter_card":"summary_large_image","schema":{"@context":"https:\/\/schema.org","@graph":[{"@type":"WebPage","@id":"https:\/\/nildadecoracoes.com.br\/site\/","url":"https:\/\/nildadecoracoes.com.br\/site\/","name":"IN\u00cdCIO - Nilda Decora\u00e7\u00f5es","isPartOf":{"@id":"https:\/\/nildadecoracoes.com.br\/site\/#website"},"primaryImageOfPage":{"@id":"https:\/\/nildadecoracoes.com.br\/site\/#primaryimage"},"image":{"@id":"https:\/\/nildadecoracoes.com.br\/site\/#primaryimage"},"thumbnailUrl":"https:\/\/nildadecoracoes.com.br\/wp-content\/uploads\/2023\/06\/20220824_155205-scaled-e1687824356946-1024x925.jpg","datePublished":"2023-03-16T16:34:37+00:00","dateModified":"2023-06-27T00:06:04+00:00","breadcrumb":{"@id":"https:\/\/nildadecoracoes.com.br\/site\/#breadcrumb"},"inLanguage":"pt-BR","potentialAction":[{"@type":"ReadAction","target":["https:\/\/nildadecoracoes.com.br\/site\/"]}]},{"@type":"ImageObject","inLanguage":"pt-BR","@id":"https:\/\/nildadecoracoes.com.br\/site\/#primaryimage","url":"https:\/\/nildadecoracoes.com.br\/wp-content\/uploads\/2023\/06\/20220824_155205-scaled-e1687824356946-1024x925.jpg","contentUrl":"https:\/\/nildadecoracoes.com.br\/wp-content\/uploads\/2023\/06\/20220824_155205-scaled-e1687824356946-1024x925.jpg"},{"@type":"BreadcrumbList","@id":"https:\/\/nildadecoracoes.com.br\/site\/#breadcrumb","itemListElement":[{"@type":"ListItem","position":1,"name":"In\u00edcio","item":"https:\/\/nildadecoracoes.com.br\/site\/"},{"@type":"ListItem","position":2,"name":"IN\u00cdCIO"}]},{"@type":"WebSite","@id":"https:\/\/nildadecoracoes.com.br\/site\/#website","url":"https:\/\/nildadecoracoes.com.br\/site\/","name":"Nilda Decora\u00e7\u00f5es Mil","description":"Realizando sonhos!","publisher":{"@id":"https:\/\/nildadecoracoes.com.br\/site\/#organization"},"potentialAction":[{"@type":"SearchAction","target":{"@type":"EntryPoint","urlTemplate":"https:\/\/nildadecoracoes.com.br\/site\/?s={search_term_string}"},"query-input":{"@type":"PropertyValueSpecification","valueRequired":true,"valueName":"search_term_string"}}],"inLanguage":"pt-BR"},{"@type":"Organization","@id":"https:\/\/nildadecoracoes.com.br\/site\/#organization","name":"Nilda Decora\u00e7\u00f5es Mil","url":"https:\/\/nildadecoracoes.com.br\/site\/","logo":{"@type":"ImageObject","inLanguage":"pt-BR","@id":"https:\/\/nildadecoracoes.com.br\/site\/#\/schema\/logo\/image\/","url":"https:\/\/mlic0gcva83q.i.optimole.com\/w:300\/h:161\/q:mauto\/f:avif\/https:\/\/nildadecoracoes.com.br\/wp-content\/uploads\/2024\/04\/cropped-Logo-reso-melhorada.jpg","contentUrl":"https:\/\/mlic0gcva83q.i.optimole.com\/w:300\/h:161\/q:mauto\/f:avif\/https:\/\/nildadecoracoes.com.br\/wp-content\/uploads\/2024\/04\/cropped-Logo-reso-melhorada.jpg","width":300,"height":161,"caption":"Nilda Decora\u00e7\u00f5es Mil"},"image":{"@id":"https:\/\/nildadecoracoes.com.br\/site\/#\/schema\/logo\/image\/"},"sameAs":["https:\/\/www.facebook.com\/nilda.dasilva.9638","https:\/\/www.instagram.com\/nildadecoracoesmil\/"]}]}},"_links":{"self":[{"href":"https:\/\/nildadecoracoes.com.br\/site\/wp-json\/wp\/v2\/pages\/74","targetHints":{"allow":["GET"]}}],"collection":[{"href":"https:\/\/nildadecoracoes.com.br\/site\/wp-json\/wp\/v2\/pages"}],"about":[{"href":"https:\/\/nildadecoracoes.com.br\/site\/wp-json\/wp\/v2\/types\/page"}],"author":[{"embeddable":true,"href":"https:\/\/nildadecoracoes.com.br\/site\/wp-json\/wp\/v2\/users\/1"}],"replies":[{"embeddable":true,"href":"https:\/\/nildadecoracoes.com.br\/site\/wp-json\/wp\/v2\/comments?post=74"}],"version-history":[{"count":89,"href":"https:\/\/nildadecoracoes.com.br\/site\/wp-json\/wp\/v2\/pages\/74\/revisions"}],"predecessor-version":[{"id":1231,"href":"https:\/\/nildadecoracoes.com.br\/site\/wp-json\/wp\/v2\/pages\/74\/revisions\/1231"}],"wp:attachment":[{"href":"https:\/\/nildadecoracoes.com.br\/site\/wp-json\/wp\/v2\/media?parent=74"}],"curies":[{"name":"wp","href":"https:\/\/api.w.org\/{rel}","templated":true}]}}