{"id":9,"date":"2022-12-22T16:19:22","date_gmt":"2022-12-22T19:19:22","guid":{"rendered":"https:\/\/nildadecoracoes.com.br\/?page_id=9"},"modified":"2023-06-15T17:39:40","modified_gmt":"2023-06-15T20:39:40","slug":"contato","status":"publish","type":"page","link":"https:\/\/nildadecoracoes.com.br\/site\/contato\/","title":{"rendered":""},"content":{"rendered":"\t\t<div data-elementor-type=\"wp-page\" data-elementor-id=\"9\" class=\"elementor elementor-9\" data-elementor-settings=\"{&quot;ha_cmc_init_switcher&quot;:&quot;no&quot;}\">\n\t\t\t\t<div class=\"elementor-element elementor-element-a00165a e-flex e-con-boxed e-con e-parent\" data-id=\"a00165a\" data-element_type=\"container\" data-e-type=\"container\" data-settings=\"{&quot;_ha_eqh_enable&quot;:false}\">\n\t\t\t\t\t<div class=\"e-con-inner\">\n\t\t<div class=\"elementor-element elementor-element-f6c11f3 e-con-full e-flex e-con e-parent\" data-id=\"f6c11f3\" data-element_type=\"container\" data-e-type=\"container\" data-settings=\"{&quot;_ha_eqh_enable&quot;:false}\">\n\t\t\t\t<\/div>\n\t\t\t\t<div class=\"elementor-element elementor-element-c624a56 elementor-widget__width-initial elementor-widget-mobile__width-initial elementor-widget elementor-widget-text-editor\" data-id=\"c624a56\" data-element_type=\"widget\" data-e-type=\"widget\" data-widget_type=\"text-editor.default\">\n\t\t\t\t<div class=\"elementor-widget-container\">\n\t\t\t\t\t\t\t\t\t<h6>CONTATO:<\/h6><p>Para realizar Or\u00e7amentos entre em contato atrav\u00e9s de nossas redes sociais, whatsapp, instagram e facebook.<\/p><p>Email para parcerias: nildadecoracoes@gmail.com<\/p><p>No maps est\u00e1 nossa localiza\u00e7\u00e3o, marque um dia para conhecer nosso Showroom (somente com agendamento pr\u00e9vio), ser\u00e1 um prazer receber voc\u00ea!!!<\/p><p>\u00a0<\/p><p>\u00a0<\/p>\t\t\t\t\t\t\t\t<\/div>\n\t\t\t\t<\/div>\n\t\t<div class=\"elementor-element elementor-element-6b55087 e-con-full e-flex e-con e-parent\" data-id=\"6b55087\" data-element_type=\"container\" data-e-type=\"container\" data-settings=\"{&quot;_ha_eqh_enable&quot;:false}\">\n\t\t\t\t<div class=\"elementor-element elementor-element-5d24163 elementor-widget elementor-widget-google_maps\" data-id=\"5d24163\" data-element_type=\"widget\" data-e-type=\"widget\" data-widget_type=\"google_maps.default\">\n\t\t\t\t<div class=\"elementor-widget-container\">\n\t\t\t\t\t\t\t<div class=\"elementor-custom-embed\">\n\t\t\t<iframe loading=\"lazy\"\n\t\t\t\t\tsrc=\"https:\/\/maps.google.com\/maps?q=Rua%20Nossa%20Senhora%20Aparecida%2C%20187%2C%20Guarulhos%2C%20SP&#038;t=m&#038;z=13&#038;output=embed&#038;iwloc=near\"\n\t\t\t\t\ttitle=\"Rua Nossa Senhora Aparecida, 187, Guarulhos, SP\"\n\t\t\t\t\taria-label=\"Rua Nossa Senhora Aparecida, 187, Guarulhos, SP\"\n\t\t\t><\/iframe>\n\t\t<\/div>\n\t\t\t\t\t\t<\/div>\n\t\t\t\t<\/div>\n\t\t\t\t<\/div>\n\t\t\t\t\t<\/div>\n\t\t\t\t<\/div>\n\t\t\t\t<\/div>\n\t\t","protected":false},"excerpt":{"rendered":"<p>CONTATO: Para realizar Or\u00e7amentos entre em contato atrav\u00e9s de nossas redes sociais, whatsapp, instagram e facebook. Email para parcerias: nildadecoracoes@gmail.com No maps est\u00e1 nossa localiza\u00e7\u00e3o, marque um dia para conhecer nosso Showroom (somente com agendamento pr\u00e9vio), ser\u00e1 um prazer receber voc\u00ea!!!<\/p>\n","protected":false},"author":1,"featured_media":0,"parent":0,"menu_order":0,"comment_status":"closed","ping_status":"closed","template":"","meta":{"neve_meta_sidebar":"","neve_meta_container":"","neve_meta_enable_content_width":"","neve_meta_content_width":0,"neve_meta_title_alignment":"","neve_meta_author_avatar":"","neve_post_elements_order":"","neve_meta_disable_header":"","neve_meta_disable_footer":"","neve_meta_disable_title":"","footnotes":""},"class_list":["post-9","page","type-page","status-publish","hentry"],"yoast_head":"<!-- This site is optimized with the Yoast SEO plugin v26.9 - https:\/\/yoast.com\/product\/yoast-seo-wordpress\/ -->\n<title>- Nilda Decora\u00e7\u00f5es<\/title>\n<meta name=\"robots\" content=\"index, follow, max-snippet:-1, max-image-preview:large, max-video-preview:-1\" \/>\n<link rel=\"canonical\" href=\"https:\/\/nildadecoracoes.com.br\/site\/contato\/\" \/>\n<meta property=\"og:locale\" content=\"pt_BR\" \/>\n<meta property=\"og:type\" content=\"article\" \/>\n<meta property=\"og:title\" content=\"- Nilda Decora\u00e7\u00f5es\" \/>\n<meta property=\"og:description\" content=\"CONTATO: Para realizar Or\u00e7amentos entre em contato atrav\u00e9s de nossas redes sociais, whatsapp, instagram e facebook. Email para parcerias: nildadecoracoes@gmail.com No maps est\u00e1 nossa localiza\u00e7\u00e3o, marque um dia para conhecer nosso Showroom (somente com agendamento pr\u00e9vio), ser\u00e1 um prazer receber voc\u00ea!!!\" \/>\n<meta property=\"og:url\" content=\"https:\/\/nildadecoracoes.com.br\/site\/contato\/\" \/>\n<meta property=\"og:site_name\" content=\"Nilda Decora\u00e7\u00f5es\" \/>\n<meta property=\"article:publisher\" content=\"https:\/\/www.facebook.com\/nilda.dasilva.9638\" \/>\n<meta property=\"article:modified_time\" content=\"2023-06-15T20:39:40+00:00\" \/>\n<meta name=\"twitter:card\" content=\"summary_large_image\" \/>\n<script type=\"application\/ld+json\" class=\"yoast-schema-graph\">{\"@context\":\"https:\/\/schema.org\",\"@graph\":[{\"@type\":\"WebPage\",\"@id\":\"https:\/\/nildadecoracoes.com.br\/site\/contato\/\",\"url\":\"https:\/\/nildadecoracoes.com.br\/site\/contato\/\",\"name\":\"- Nilda Decora\u00e7\u00f5es\",\"isPartOf\":{\"@id\":\"https:\/\/nildadecoracoes.com.br\/site\/#website\"},\"datePublished\":\"2022-12-22T19:19:22+00:00\",\"dateModified\":\"2023-06-15T20:39:40+00:00\",\"inLanguage\":\"pt-BR\",\"potentialAction\":[{\"@type\":\"ReadAction\",\"target\":[\"https:\/\/nildadecoracoes.com.br\/site\/contato\/\"]}]},{\"@type\":\"WebSite\",\"@id\":\"https:\/\/nildadecoracoes.com.br\/site\/#website\",\"url\":\"https:\/\/nildadecoracoes.com.br\/site\/\",\"name\":\"Nilda Decora\u00e7\u00f5es Mil\",\"description\":\"Realizando sonhos!\",\"publisher\":{\"@id\":\"https:\/\/nildadecoracoes.com.br\/site\/#organization\"},\"potentialAction\":[{\"@type\":\"SearchAction\",\"target\":{\"@type\":\"EntryPoint\",\"urlTemplate\":\"https:\/\/nildadecoracoes.com.br\/site\/?s={search_term_string}\"},\"query-input\":{\"@type\":\"PropertyValueSpecification\",\"valueRequired\":true,\"valueName\":\"search_term_string\"}}],\"inLanguage\":\"pt-BR\"},{\"@type\":\"Organization\",\"@id\":\"https:\/\/nildadecoracoes.com.br\/site\/#organization\",\"name\":\"Nilda Decora\u00e7\u00f5es Mil\",\"url\":\"https:\/\/nildadecoracoes.com.br\/site\/\",\"logo\":{\"@type\":\"ImageObject\",\"inLanguage\":\"pt-BR\",\"@id\":\"https:\/\/nildadecoracoes.com.br\/site\/#\/schema\/logo\/image\/\",\"url\":\"https:\/\/mlic0gcva83q.i.optimole.com\/w:300\/h:161\/q:mauto\/f:avif\/https:\/\/nildadecoracoes.com.br\/wp-content\/uploads\/2024\/04\/cropped-Logo-reso-melhorada.jpg\",\"contentUrl\":\"https:\/\/mlic0gcva83q.i.optimole.com\/w:300\/h:161\/q:mauto\/f:avif\/https:\/\/nildadecoracoes.com.br\/wp-content\/uploads\/2024\/04\/cropped-Logo-reso-melhorada.jpg\",\"width\":300,\"height\":161,\"caption\":\"Nilda Decora\u00e7\u00f5es Mil\"},\"image\":{\"@id\":\"https:\/\/nildadecoracoes.com.br\/site\/#\/schema\/logo\/image\/\"},\"sameAs\":[\"https:\/\/www.facebook.com\/nilda.dasilva.9638\",\"https:\/\/www.instagram.com\/nildadecoracoesmil\/\"]}]}<\/script>\n<!-- \/ Yoast SEO plugin. -->","yoast_head_json":{"title":"- Nilda Decora\u00e7\u00f5es","robots":{"index":"index","follow":"follow","max-snippet":"max-snippet:-1","max-image-preview":"max-image-preview:large","max-video-preview":"max-video-preview:-1"},"canonical":"https:\/\/nildadecoracoes.com.br\/site\/contato\/","og_locale":"pt_BR","og_type":"article","og_title":"- Nilda Decora\u00e7\u00f5es","og_description":"CONTATO: Para realizar Or\u00e7amentos entre em contato atrav\u00e9s de nossas redes sociais, whatsapp, instagram e facebook. Email para parcerias: nildadecoracoes@gmail.com No maps est\u00e1 nossa localiza\u00e7\u00e3o, marque um dia para conhecer nosso Showroom (somente com agendamento pr\u00e9vio), ser\u00e1 um prazer receber voc\u00ea!!!","og_url":"https:\/\/nildadecoracoes.com.br\/site\/contato\/","og_site_name":"Nilda Decora\u00e7\u00f5es","article_publisher":"https:\/\/www.facebook.com\/nilda.dasilva.9638","article_modified_time":"2023-06-15T20:39:40+00:00","twitter_card":"summary_large_image","schema":{"@context":"https:\/\/schema.org","@graph":[{"@type":"WebPage","@id":"https:\/\/nildadecoracoes.com.br\/site\/contato\/","url":"https:\/\/nildadecoracoes.com.br\/site\/contato\/","name":"- Nilda Decora\u00e7\u00f5es","isPartOf":{"@id":"https:\/\/nildadecoracoes.com.br\/site\/#website"},"datePublished":"2022-12-22T19:19:22+00:00","dateModified":"2023-06-15T20:39:40+00:00","inLanguage":"pt-BR","potentialAction":[{"@type":"ReadAction","target":["https:\/\/nildadecoracoes.com.br\/site\/contato\/"]}]},{"@type":"WebSite","@id":"https:\/\/nildadecoracoes.com.br\/site\/#website","url":"https:\/\/nildadecoracoes.com.br\/site\/","name":"Nilda Decora\u00e7\u00f5es Mil","description":"Realizando sonhos!","publisher":{"@id":"https:\/\/nildadecoracoes.com.br\/site\/#organization"},"potentialAction":[{"@type":"SearchAction","target":{"@type":"EntryPoint","urlTemplate":"https:\/\/nildadecoracoes.com.br\/site\/?s={search_term_string}"},"query-input":{"@type":"PropertyValueSpecification","valueRequired":true,"valueName":"search_term_string"}}],"inLanguage":"pt-BR"},{"@type":"Organization","@id":"https:\/\/nildadecoracoes.com.br\/site\/#organization","name":"Nilda Decora\u00e7\u00f5es Mil","url":"https:\/\/nildadecoracoes.com.br\/site\/","logo":{"@type":"ImageObject","inLanguage":"pt-BR","@id":"https:\/\/nildadecoracoes.com.br\/site\/#\/schema\/logo\/image\/","url":"https:\/\/mlic0gcva83q.i.optimole.com\/w:300\/h:161\/q:mauto\/f:avif\/https:\/\/nildadecoracoes.com.br\/wp-content\/uploads\/2024\/04\/cropped-Logo-reso-melhorada.jpg","contentUrl":"https:\/\/mlic0gcva83q.i.optimole.com\/w:300\/h:161\/q:mauto\/f:avif\/https:\/\/nildadecoracoes.com.br\/wp-content\/uploads\/2024\/04\/cropped-Logo-reso-melhorada.jpg","width":300,"height":161,"caption":"Nilda Decora\u00e7\u00f5es Mil"},"image":{"@id":"https:\/\/nildadecoracoes.com.br\/site\/#\/schema\/logo\/image\/"},"sameAs":["https:\/\/www.facebook.com\/nilda.dasilva.9638","https:\/\/www.instagram.com\/nildadecoracoesmil\/"]}]}},"_links":{"self":[{"href":"https:\/\/nildadecoracoes.com.br\/site\/wp-json\/wp\/v2\/pages\/9","targetHints":{"allow":["GET"]}}],"collection":[{"href":"https:\/\/nildadecoracoes.com.br\/site\/wp-json\/wp\/v2\/pages"}],"about":[{"href":"https:\/\/nildadecoracoes.com.br\/site\/wp-json\/wp\/v2\/types\/page"}],"author":[{"embeddable":true,"href":"https:\/\/nildadecoracoes.com.br\/site\/wp-json\/wp\/v2\/users\/1"}],"replies":[{"embeddable":true,"href":"https:\/\/nildadecoracoes.com.br\/site\/wp-json\/wp\/v2\/comments?post=9"}],"version-history":[{"count":39,"href":"https:\/\/nildadecoracoes.com.br\/site\/wp-json\/wp\/v2\/pages\/9\/revisions"}],"predecessor-version":[{"id":716,"href":"https:\/\/nildadecoracoes.com.br\/site\/wp-json\/wp\/v2\/pages\/9\/revisions\/716"}],"wp:attachment":[{"href":"https:\/\/nildadecoracoes.com.br\/site\/wp-json\/wp\/v2\/media?parent=9"}],"curies":[{"name":"wp","href":"https:\/\/api.w.org\/{rel}","templated":true}]}}